{"id":13,"date":"2025-04-02T07:28:11","date_gmt":"2025-04-02T07:28:11","guid":{"rendered":"https:\/\/terapiascaminodeagua.com\/mapa-web\/"},"modified":"2025-04-02T16:57:46","modified_gmt":"2025-04-02T16:57:46","slug":"mapa-web","status":"publish","type":"page","link":"https:\/\/terapiascaminodeagua.com\/ca\/mapa-web\/","title":{"rendered":"Mapa web"},"content":{"rendered":"<div data-elementor-type=\"wp-page\" data-elementor-id=\"13\" class=\"elementor elementor-13\" data-elementor-post-type=\"page\">\n\t\t\t\t<div class=\"elementor-element elementor-element-c9fd87b e-flex e-con-boxed e-con e-parent\" data-id=\"c9fd87b\" data-element_type=\"container\" data-e-type=\"container\" data-settings=\"{&quot;background_background&quot;:&quot;classic&quot;}\">\n\t\t\t\t\t<div class=\"e-con-inner\">\n\t\t<div class=\"elementor-element elementor-element-303b0e27 e-con-full e-flex e-con e-child\" data-id=\"303b0e27\" data-element_type=\"container\" data-e-type=\"container\">\n\t\t\t\t<div class=\"elementor-element elementor-element-2633ecdd elementor-widget__width-inherit elementor-widget elementor-widget-heading\" data-id=\"2633ecdd\" data-element_type=\"widget\" data-e-type=\"widget\" data-widget_type=\"heading.default\">\n\t\t\t\t<div class=\"elementor-widget-container\">\n\t\t\t\t\t<h1 class=\"elementor-heading-title elementor-size-default\">Mapa web<\/h1>\t\t\t\t<\/div>\n\t\t\t\t<\/div>\n\t\t\t\t<\/div>\n\t\t\t\t\t<\/div>\n\t\t\t\t<\/div>\n\t\t<div class=\"elementor-element elementor-element-55697129 e-flex e-con-boxed e-con e-parent\" data-id=\"55697129\" data-element_type=\"container\" data-e-type=\"container\">\n\t\t\t\t\t<div class=\"e-con-inner\">\n\t\t\t\t<div class=\"elementor-element elementor-element-fd65e37 elementor-widget elementor-widget-sitemap\" data-id=\"fd65e37\" data-element_type=\"widget\" data-e-type=\"widget\" data-widget_type=\"sitemap.default\">\n\t\t\t\t<div class=\"elementor-widget-container\">\n\t\t\t\t\t<div class=\"elementor-sitemap-wrap\"><div class=\"elementor-sitemap-section\"><h2 class=\"elementor-sitemap-title elementor-sitemap-page-title\">P\u00e0gines<\/h2><ul class=\"elementor-sitemap-list elementor-sitemap-page-list\"><li class=\"elementor-sitemap-item elementor-sitemap-item-page page_item page-item-5069\"><a href=\"https:\/\/terapiascaminodeagua.com\/ca\/terapia-de-reiki\/reiki-en-hospitalet-de-llobregat\/\">Reiki en Hospitalet de Llobregat<\/a><\/li><li class=\"elementor-sitemap-item elementor-sitemap-item-page page_item page-item-5059\"><a href=\"https:\/\/terapiascaminodeagua.com\/ca\/acupuntura\/acupuntura-en-sabadell\/\">Acupuntura en Sabadell<\/a><\/li><li class=\"elementor-sitemap-item elementor-sitemap-item-page page_item page-item-4992\"><a href=\"https:\/\/terapiascaminodeagua.com\/ca\/moxibustion-indirecta-barcelona\/\">Moxibusti\u00f3n indirecta Barcelona<\/a><\/li><li class=\"elementor-sitemap-item elementor-sitemap-item-page page_item page-item-4987\"><a href=\"https:\/\/terapiascaminodeagua.com\/ca\/sanacion-energetica-badalona\/\">Sanaci\u00f3n energ\u00e9tica Badalona<\/a><\/li><li class=\"elementor-sitemap-item elementor-sitemap-item-page page_item page-item-4982\"><a href=\"https:\/\/terapiascaminodeagua.com\/ca\/moxibustion-badalona\/\">Moxibusti\u00f3n Badalona<\/a><\/li><li class=\"elementor-sitemap-item elementor-sitemap-item-page page_item page-item-4975\"><a href=\"https:\/\/terapiascaminodeagua.com\/ca\/reiki-badalona\/\">Reiki Badalona<\/a><\/li><li class=\"elementor-sitemap-item elementor-sitemap-item-page page_item page-item-4964\"><a href=\"https:\/\/terapiascaminodeagua.com\/ca\/acupuntura-hospitalet-de-llobregat\/\">Acupuntura Hospitalet de Llobregat<\/a><\/li><li class=\"elementor-sitemap-item elementor-sitemap-item-page page_item page-item-4959\"><a href=\"https:\/\/terapiascaminodeagua.com\/ca\/terapias-naturales-barcelona\/\">Terapias naturales Barcelona<\/a><\/li><li class=\"elementor-sitemap-item elementor-sitemap-item-page page_item page-item-4954\"><a href=\"https:\/\/terapiascaminodeagua.com\/ca\/acupuntura-badalona\/\">Acupuntura Badalona<\/a><\/li><li class=\"elementor-sitemap-item elementor-sitemap-item-page page_item page-item-4908\"><a href=\"https:\/\/terapiascaminodeagua.com\/ca\/terapias-holisticas-barcelona\/\">Ter\u00e0pies hol\u00edstiques Barcelona<\/a><\/li><li class=\"elementor-sitemap-item elementor-sitemap-item-page page_item page-item-4594\"><a href=\"https:\/\/terapiascaminodeagua.com\/ca\/les-meves-sessions\/\">Les meves sessions<\/a><\/li><li class=\"elementor-sitemap-item elementor-sitemap-item-page page_item page-item-4483\"><a href=\"https:\/\/terapiascaminodeagua.com\/ca\/sanacion-energetica-barcelona\/\">Sanaci\u00f3 energ\u00e8tica Barcelona<\/a><\/li><li class=\"elementor-sitemap-item elementor-sitemap-item-page page_item page-item-4478\"><a href=\"https:\/\/terapiascaminodeagua.com\/ca\/reiki-barcelona\/\">Reiki Barcelona<\/a><\/li><li class=\"elementor-sitemap-item elementor-sitemap-item-page page_item page-item-4473\"><a href=\"https:\/\/terapiascaminodeagua.com\/ca\/moxibustion-barcelona\/\">Moxibusti\u00f3 Barcelona<\/a><\/li><li class=\"elementor-sitemap-item elementor-sitemap-item-page page_item page-item-4462\"><a href=\"https:\/\/terapiascaminodeagua.com\/ca\/acupuntura-barcelona\/\">Acupuntura Barcelona<\/a><\/li><li class=\"elementor-sitemap-item elementor-sitemap-item-page page_item page-item-3900\"><a href=\"https:\/\/terapiascaminodeagua.com\/ca\/tai-chi-barcelona\/\">Tai Chi Barcelona<\/a><\/li><li class=\"elementor-sitemap-item elementor-sitemap-item-page page_item page-item-3891\"><a href=\"https:\/\/terapiascaminodeagua.com\/ca\/flores-de-bach-barcelona\/\">Flors de Bach Barcelona<\/a><\/li><li class=\"elementor-sitemap-item elementor-sitemap-item-page page_item page-item-3283\"><a href=\"https:\/\/terapiascaminodeagua.com\/ca\/qi-gong-chi-kung\/\">Qi Gong \/ Chi Kung<\/a><\/li><li class=\"elementor-sitemap-item elementor-sitemap-item-page page_item page-item-3270\"><a href=\"https:\/\/terapiascaminodeagua.com\/ca\/tai-chi\/\">Tai Chi<\/a><\/li><li class=\"elementor-sitemap-item elementor-sitemap-item-page page_item page-item-3265\"><a href=\"https:\/\/terapiascaminodeagua.com\/ca\/las-flores-de-bach\/\">Les Flors de Bach<\/a><\/li><li class=\"elementor-sitemap-item elementor-sitemap-item-page page_item page-item-3087\"><a href=\"https:\/\/terapiascaminodeagua.com\/ca\/meditacion-taoista\/\">Meditaci\u00f3 Taoista<\/a><\/li><li class=\"elementor-sitemap-item elementor-sitemap-item-page page_item page-item-650\"><a href=\"https:\/\/terapiascaminodeagua.com\/ca\/acupuntura-comunitaria\/\">Acupuntura comunit\u00e0ria<\/a><\/li><li class=\"elementor-sitemap-item elementor-sitemap-item-page page_item page-item-648\"><a href=\"https:\/\/terapiascaminodeagua.com\/ca\/sanacion-energetica\/\">Sanaci\u00f3 energ\u00e8tica<\/a><\/li><li class=\"elementor-sitemap-item elementor-sitemap-item-page page_item page-item-646\"><a href=\"https:\/\/terapiascaminodeagua.com\/ca\/flores-de-bach\/\">Flors de Bach<\/a><\/li><li class=\"elementor-sitemap-item elementor-sitemap-item-page page_item page-item-644\"><a href=\"https:\/\/terapiascaminodeagua.com\/ca\/terapia-de-reiki\/\">Ter\u00e0pia de Reiki<\/a><\/li><li class=\"elementor-sitemap-item elementor-sitemap-item-page page_item page-item-640\"><a href=\"https:\/\/terapiascaminodeagua.com\/ca\/moxibustion-indirecta-tradicional-para-aliviar-dolor-muscular-y-fortalecer-la-energia-del-cuerpo-tecnicas-y-aplicacion\/\">Moxibusti\u00f3 indirecta<\/a><\/li><li class=\"elementor-sitemap-item elementor-sitemap-item-page page_item page-item-450\"><a href=\"https:\/\/terapiascaminodeagua.com\/ca\/moxibustion-para-equilibrar-los-puntos-energeticos-del-cuerpo-salud-y-bienestar-con-calor-terapeutico\/\">Moxibusti\u00f3<\/a><\/li><li class=\"elementor-sitemap-item elementor-sitemap-item-page page_item page-item-312\"><a href=\"https:\/\/terapiascaminodeagua.com\/ca\/blog\/\">Blog<\/a><\/li><li class=\"elementor-sitemap-item elementor-sitemap-item-page page_item page-item-231\"><a href=\"https:\/\/terapiascaminodeagua.com\/ca\/contacto\/\">Contacte<\/a><\/li><li class=\"elementor-sitemap-item elementor-sitemap-item-page page_item page-item-224\"><a href=\"https:\/\/terapiascaminodeagua.com\/ca\/moxibustion-directa\/\">Moxibusti\u00f3 directa<\/a><\/li><li class=\"elementor-sitemap-item elementor-sitemap-item-page page_item page-item-212\"><a href=\"https:\/\/terapiascaminodeagua.com\/ca\/acupuntura\/\">Acupuntura<\/a><\/li><li class=\"elementor-sitemap-item elementor-sitemap-item-page page_item page-item-164\"><a href=\"https:\/\/terapiascaminodeagua.com\/ca\/servicios-principales\/\">Serveis principals<\/a><\/li><li class=\"elementor-sitemap-item elementor-sitemap-item-page page_item page-item-134\"><a href=\"https:\/\/terapiascaminodeagua.com\/ca\/sobre-mi\/\">Sobre mi<\/a><\/li><li class=\"elementor-sitemap-item elementor-sitemap-item-page page_item page-item-45\"><a href=\"https:\/\/terapiascaminodeagua.com\/ca\/\">Inici<\/a><\/li><li class=\"elementor-sitemap-item elementor-sitemap-item-page page_item page-item-25\"><a href=\"https:\/\/terapiascaminodeagua.com\/ca\/aviso-legal\/\">Av\u00eds legal<\/a><\/li><li class=\"elementor-sitemap-item elementor-sitemap-item-page page_item page-item-22\"><a href=\"https:\/\/terapiascaminodeagua.com\/ca\/politica-de-privacidad\/\">Pol\u00edtica de privadesa<\/a><\/li><li class=\"elementor-sitemap-item elementor-sitemap-item-page page_item page-item-19\"><a href=\"https:\/\/terapiascaminodeagua.com\/ca\/politica-de-cookies\/\">Pol\u00edtica de cookies<\/a><\/li><li class=\"elementor-sitemap-item elementor-sitemap-item-page page_item page-item-16\"><a href=\"https:\/\/terapiascaminodeagua.com\/ca\/declaracion-de-accesibilidad\/\">Declaraci\u00f3 d&#039;accessibilitat<\/a><\/li><li class=\"elementor-sitemap-item elementor-sitemap-item-page page_item page-item-13\"><a href=\"https:\/\/terapiascaminodeagua.com\/ca\/mapa-web\/\">Mapa web<\/a><\/li><\/ul><\/div><div class=\"elementor-sitemap-section\"><h2 class=\"elementor-sitemap-title elementor-sitemap-category-title\">Categories<\/h2><ul class=\"elementor-sitemap-list elementor-sitemap-category-list\">\t<li class=\"elementor-sitemap-item elementor-sitemap-item-category cat-item cat-item-37\"><a href=\"https:\/\/terapiascaminodeagua.com\/ca\/category\/terapias-holisticas-barcelona\/\">ter\u00e0pies hol\u00edstiques Barcelona<\/a>\n<\/li>\n\t<li class=\"elementor-sitemap-item elementor-sitemap-item-category cat-item cat-item-21\"><a href=\"https:\/\/terapiascaminodeagua.com\/ca\/category\/sanacion-energetica\/\">sanaci\u00f3 energ\u00e8tica<\/a>\n<\/li>\n\t<li class=\"elementor-sitemap-item elementor-sitemap-item-category cat-item cat-item-19\"><a href=\"https:\/\/terapiascaminodeagua.com\/ca\/category\/reiki\/\">Reiki<\/a>\n<\/li>\n\t<li class=\"elementor-sitemap-item elementor-sitemap-item-category cat-item cat-item-12\"><a href=\"https:\/\/terapiascaminodeagua.com\/ca\/category\/moxibustion\/\">moxibusti\u00f3<\/a>\n<\/li>\n\t<li class=\"elementor-sitemap-item elementor-sitemap-item-category cat-item cat-item-38\"><a href=\"https:\/\/terapiascaminodeagua.com\/ca\/category\/medicina-tradicional-xinesa\/\">medicina tradicional xinesa<\/a>\n<\/li>\n\t<li class=\"elementor-sitemap-item elementor-sitemap-item-category cat-item cat-item-15\"><a href=\"https:\/\/terapiascaminodeagua.com\/ca\/category\/flores-de-bach\/\">Flors de Bach<\/a>\n<\/li>\n\t<li class=\"elementor-sitemap-item elementor-sitemap-item-category cat-item cat-item-1\"><a href=\"https:\/\/terapiascaminodeagua.com\/ca\/category\/blog\/\">Blog<\/a>\n<\/li>\n\t<li class=\"elementor-sitemap-item elementor-sitemap-item-category cat-item cat-item-36\"><a href=\"https:\/\/terapiascaminodeagua.com\/ca\/category\/acupuntura-comunitaria\/\">acupuntura comunit\u00e0ria<\/a>\n<\/li>\n\t<li class=\"elementor-sitemap-item elementor-sitemap-item-category cat-item cat-item-17\"><a href=\"https:\/\/terapiascaminodeagua.com\/ca\/category\/acupuntura\/\">Acupuntura<\/a>\n<\/li>\n<\/ul><\/div><\/div>\t\t\t\t<\/div>\n\t\t\t\t<\/div>\n\t\t\t\t\t<\/div>\n\t\t\t\t<\/div>\n\t\t\t\t<\/div>","protected":false},"excerpt":{"rendered":"","protected":false},"author":1,"featured_media":0,"parent":0,"menu_order":0,"comment_status":"closed","ping_status":"closed","template":"","meta":{"footnotes":""},"class_list":["post-13","page","type-page","status-publish","hentry"],"yoast_head":"<!-- This site is optimized with the Yoast SEO plugin v27.0 - https:\/\/yoast.com\/product\/yoast-seo-wordpress\/ -->\n<title>Mapa web - Terapias Camino de Agua<\/title>\n<meta name=\"robots\" content=\"index, follow, max-snippet:-1, max-image-preview:large, max-video-preview:-1\" \/>\n<link rel=\"canonical\" href=\"https:\/\/terapiascaminodeagua.com\/ca\/mapa-web\/\" \/>\n<meta property=\"og:locale\" content=\"ca_ES\" \/>\n<meta property=\"og:type\" content=\"article\" \/>\n<meta property=\"og:title\" content=\"Mapa web - Terapias Camino de Agua\" \/>\n<meta property=\"og:url\" content=\"https:\/\/terapiascaminodeagua.com\/ca\/mapa-web\/\" \/>\n<meta property=\"og:site_name\" content=\"Terapias Camino de Agua\" \/>\n<meta property=\"article:modified_time\" content=\"2025-04-02T16:57:46+00:00\" \/>\n<meta name=\"twitter:card\" content=\"summary_large_image\" \/>\n<script type=\"application\/ld+json\" class=\"yoast-schema-graph\">{\"@context\":\"https:\/\/schema.org\",\"@graph\":[{\"@type\":\"WebPage\",\"@id\":\"https:\/\/terapiascaminodeagua.com\/mapa-web\/\",\"url\":\"https:\/\/terapiascaminodeagua.com\/mapa-web\/\",\"name\":\"Mapa web - Terapias Camino de Agua\",\"isPartOf\":{\"@id\":\"https:\/\/terapiascaminodeagua.com\/#website\"},\"datePublished\":\"2025-04-02T07:28:11+00:00\",\"dateModified\":\"2025-04-02T16:57:46+00:00\",\"breadcrumb\":{\"@id\":\"https:\/\/terapiascaminodeagua.com\/mapa-web\/#breadcrumb\"},\"inLanguage\":\"ca\",\"potentialAction\":[{\"@type\":\"ReadAction\",\"target\":[\"https:\/\/terapiascaminodeagua.com\/mapa-web\/\"]}]},{\"@type\":\"BreadcrumbList\",\"@id\":\"https:\/\/terapiascaminodeagua.com\/mapa-web\/#breadcrumb\",\"itemListElement\":[{\"@type\":\"ListItem\",\"position\":1,\"name\":\"Portada\",\"item\":\"https:\/\/terapiascaminodeagua.com\/\"},{\"@type\":\"ListItem\",\"position\":2,\"name\":\"Mapa web\"}]},{\"@type\":\"WebSite\",\"@id\":\"https:\/\/terapiascaminodeagua.com\/#website\",\"url\":\"https:\/\/terapiascaminodeagua.com\/\",\"name\":\"Terapia camino de agua\",\"description\":\"Terapias naturales de acupuntura en Barcelona\",\"publisher\":{\"@id\":\"https:\/\/terapiascaminodeagua.com\/#organization\"},\"potentialAction\":[{\"@type\":\"SearchAction\",\"target\":{\"@type\":\"EntryPoint\",\"urlTemplate\":\"https:\/\/terapiascaminodeagua.com\/?s={search_term_string}\"},\"query-input\":{\"@type\":\"PropertyValueSpecification\",\"valueRequired\":true,\"valueName\":\"search_term_string\"}}],\"inLanguage\":\"ca\"},{\"@type\":\"Organization\",\"@id\":\"https:\/\/terapiascaminodeagua.com\/#organization\",\"name\":\"Terapia camino de agua\",\"url\":\"https:\/\/terapiascaminodeagua.com\/\",\"logo\":{\"@type\":\"ImageObject\",\"inLanguage\":\"ca\",\"@id\":\"https:\/\/terapiascaminodeagua.com\/#\/schema\/logo\/image\/\",\"url\":\"https:\/\/terapiascaminodeagua.com\/wp-content\/uploads\/2025\/04\/cropped-cropped-SHIUDAO-TERAPIAS-CAMINIO-DE-AGUA-512-x-512-px-1.png\",\"contentUrl\":\"https:\/\/terapiascaminodeagua.com\/wp-content\/uploads\/2025\/04\/cropped-cropped-SHIUDAO-TERAPIAS-CAMINIO-DE-AGUA-512-x-512-px-1.png\",\"width\":512,\"height\":512,\"caption\":\"Terapia camino de agua\"},\"image\":{\"@id\":\"https:\/\/terapiascaminodeagua.com\/#\/schema\/logo\/image\/\"}}]}<\/script>\n<!-- \/ Yoast SEO plugin. -->","yoast_head_json":{"title":"Mapa web - Terapias Camino de Agua","robots":{"index":"index","follow":"follow","max-snippet":"max-snippet:-1","max-image-preview":"max-image-preview:large","max-video-preview":"max-video-preview:-1"},"canonical":"https:\/\/terapiascaminodeagua.com\/ca\/mapa-web\/","og_locale":"ca_ES","og_type":"article","og_title":"Mapa web - Terapias Camino de Agua","og_url":"https:\/\/terapiascaminodeagua.com\/ca\/mapa-web\/","og_site_name":"Terapias Camino de Agua","article_modified_time":"2025-04-02T16:57:46+00:00","twitter_card":"summary_large_image","schema":{"@context":"https:\/\/schema.org","@graph":[{"@type":"WebPage","@id":"https:\/\/terapiascaminodeagua.com\/mapa-web\/","url":"https:\/\/terapiascaminodeagua.com\/mapa-web\/","name":"Mapa web - Terapias Camino de Agua","isPartOf":{"@id":"https:\/\/terapiascaminodeagua.com\/#website"},"datePublished":"2025-04-02T07:28:11+00:00","dateModified":"2025-04-02T16:57:46+00:00","breadcrumb":{"@id":"https:\/\/terapiascaminodeagua.com\/mapa-web\/#breadcrumb"},"inLanguage":"ca","potentialAction":[{"@type":"ReadAction","target":["https:\/\/terapiascaminodeagua.com\/mapa-web\/"]}]},{"@type":"BreadcrumbList","@id":"https:\/\/terapiascaminodeagua.com\/mapa-web\/#breadcrumb","itemListElement":[{"@type":"ListItem","position":1,"name":"Portada","item":"https:\/\/terapiascaminodeagua.com\/"},{"@type":"ListItem","position":2,"name":"Mapa web"}]},{"@type":"WebSite","@id":"https:\/\/terapiascaminodeagua.com\/#website","url":"https:\/\/terapiascaminodeagua.com\/","name":"Ter\u00e0pia cam\u00ed d&#039;aigua","description":"Ter\u00e0pies naturals d\u00b4acupuntura a Barcelona","publisher":{"@id":"https:\/\/terapiascaminodeagua.com\/#organization"},"potentialAction":[{"@type":"SearchAction","target":{"@type":"EntryPoint","urlTemplate":"https:\/\/terapiascaminodeagua.com\/?s={search_term_string}"},"query-input":{"@type":"PropertyValueSpecification","valueRequired":true,"valueName":"search_term_string"}}],"inLanguage":"ca"},{"@type":"Organization","@id":"https:\/\/terapiascaminodeagua.com\/#organization","name":"Ter\u00e0pia cam\u00ed d&#039;aigua","url":"https:\/\/terapiascaminodeagua.com\/","logo":{"@type":"ImageObject","inLanguage":"ca","@id":"https:\/\/terapiascaminodeagua.com\/#\/schema\/logo\/image\/","url":"https:\/\/terapiascaminodeagua.com\/wp-content\/uploads\/2025\/04\/cropped-cropped-SHIUDAO-TERAPIAS-CAMINIO-DE-AGUA-512-x-512-px-1.png","contentUrl":"https:\/\/terapiascaminodeagua.com\/wp-content\/uploads\/2025\/04\/cropped-cropped-SHIUDAO-TERAPIAS-CAMINIO-DE-AGUA-512-x-512-px-1.png","width":512,"height":512,"caption":"Terapia camino de agua"},"image":{"@id":"https:\/\/terapiascaminodeagua.com\/#\/schema\/logo\/image\/"}}]}},"_links":{"self":[{"href":"https:\/\/terapiascaminodeagua.com\/ca\/wp-json\/wp\/v2\/pages\/13","targetHints":{"allow":["GET"]}}],"collection":[{"href":"https:\/\/terapiascaminodeagua.com\/ca\/wp-json\/wp\/v2\/pages"}],"about":[{"href":"https:\/\/terapiascaminodeagua.com\/ca\/wp-json\/wp\/v2\/types\/page"}],"author":[{"embeddable":true,"href":"https:\/\/terapiascaminodeagua.com\/ca\/wp-json\/wp\/v2\/users\/1"}],"replies":[{"embeddable":true,"href":"https:\/\/terapiascaminodeagua.com\/ca\/wp-json\/wp\/v2\/comments?post=13"}],"version-history":[{"count":7,"href":"https:\/\/terapiascaminodeagua.com\/ca\/wp-json\/wp\/v2\/pages\/13\/revisions"}],"predecessor-version":[{"id":418,"href":"https:\/\/terapiascaminodeagua.com\/ca\/wp-json\/wp\/v2\/pages\/13\/revisions\/418"}],"wp:attachment":[{"href":"https:\/\/terapiascaminodeagua.com\/ca\/wp-json\/wp\/v2\/media?parent=13"}],"curies":[{"name":"wp","href":"https:\/\/api.w.org\/{rel}","templated":true}]}}