{"id":231,"date":"2025-04-02T15:02:13","date_gmt":"2025-04-02T15:02:13","guid":{"rendered":"https:\/\/terapiascaminodeagua.com\/?page_id=231"},"modified":"2026-02-04T16:38:55","modified_gmt":"2026-02-04T15:38:55","slug":"contacto","status":"publish","type":"page","link":"https:\/\/terapiascaminodeagua.com\/ca\/contacto\/","title":{"rendered":"Contacte"},"content":{"rendered":"<div data-elementor-type=\"wp-page\" data-elementor-id=\"231\" class=\"elementor elementor-231\" data-elementor-post-type=\"page\">\n\t\t\t\t\t\t<section class=\"elementor-section elementor-top-section elementor-element elementor-element-8c08586 elementor-section-height-min-height elementor-section-boxed elementor-section-height-default elementor-section-items-middle\" data-id=\"8c08586\" data-element_type=\"section\" data-e-type=\"section\" data-settings=\"{&quot;background_background&quot;:&quot;classic&quot;}\">\n\t\t\t\t\t\t\t<div class=\"elementor-background-overlay\"><\/div>\n\t\t\t\t\t\t\t<div class=\"elementor-container elementor-column-gap-no\">\n\t\t\t\t\t<div class=\"elementor-column elementor-col-100 elementor-top-column elementor-element elementor-element-7532fed\" data-id=\"7532fed\" data-element_type=\"column\" data-e-type=\"column\">\n\t\t\t<div class=\"elementor-widget-wrap elementor-element-populated\">\n\t\t\t\t\t\t<section class=\"elementor-section elementor-inner-section elementor-element elementor-element-24a3a5b elementor-section-full_width elementor-section-height-default elementor-section-height-default\" data-id=\"24a3a5b\" data-element_type=\"section\" data-e-type=\"section\">\n\t\t\t\t\t\t<div class=\"elementor-container elementor-column-gap-default\">\n\t\t\t\t\t<div class=\"elementor-column elementor-col-100 elementor-inner-column elementor-element elementor-element-6514b06\" data-id=\"6514b06\" data-element_type=\"column\" data-e-type=\"column\">\n\t\t\t<div class=\"elementor-widget-wrap elementor-element-populated\">\n\t\t\t\t\t\t<div class=\"elementor-element elementor-element-f78e1b6 animated-slow elementor-invisible elementor-widget elementor-widget-heading\" data-id=\"f78e1b6\" data-element_type=\"widget\" data-e-type=\"widget\" data-settings=\"{&quot;_animation&quot;:&quot;fadeInDown&quot;}\" data-widget_type=\"heading.default\">\n\t\t\t\t<div class=\"elementor-widget-container\">\n\t\t\t\t\t<h1 class=\"elementor-heading-title elementor-size-default\">Contacte<\/h1>\t\t\t\t<\/div>\n\t\t\t\t<\/div>\n\t\t\t\t\t<\/div>\n\t\t<\/div>\n\t\t\t\t\t<\/div>\n\t\t<\/section>\n\t\t\t\t\t<\/div>\n\t\t<\/div>\n\t\t\t\t\t<\/div>\n\t\t<\/section>\n\t\t\t\t<section class=\"elementor-section elementor-top-section elementor-element elementor-element-975708d elementor-section-boxed elementor-section-height-default elementor-section-height-default\" data-id=\"975708d\" data-element_type=\"section\" data-e-type=\"section\" data-settings=\"{&quot;background_background&quot;:&quot;classic&quot;}\">\n\t\t\t\t\t\t<div class=\"elementor-container elementor-column-gap-wider\">\n\t\t\t\t\t<div class=\"elementor-column elementor-col-100 elementor-top-column elementor-element elementor-element-73328914\" data-id=\"73328914\" data-element_type=\"column\" data-e-type=\"column\">\n\t\t\t<div class=\"elementor-widget-wrap elementor-element-populated\">\n\t\t\t\t\t\t<div class=\"elementor-element elementor-element-33dbd53 elementor-widget elementor-widget-heading\" data-id=\"33dbd53\" data-element_type=\"widget\" data-e-type=\"widget\" data-widget_type=\"heading.default\">\n\t\t\t\t<div class=\"elementor-widget-container\">\n\t\t\t\t\t<h2 class=\"elementor-heading-title elementor-size-default\">Comen\u00e7a el teu cam\u00ed de guariment<\/h2>\t\t\t\t<\/div>\n\t\t\t\t<\/div>\n\t\t\t\t<div class=\"elementor-element elementor-element-85101ce elementor-widget elementor-widget-text-editor\" data-id=\"85101ce\" data-element_type=\"widget\" data-e-type=\"widget\" data-widget_type=\"text-editor.default\">\n\t\t\t\t<div class=\"elementor-widget-container\">\n\t\t\t\t\t\t\t\t\t<h5><span style=\"font-weight: 400;\">Estic aqu\u00ed per ajudar-te a restaurar el teu equilibri f\u00edsic, emocional i espiritual. <\/span><\/h5><h5><span style=\"font-weight: 400;\">Si tens <strong>preguntes<\/strong> sobre els meus serveis o vols <strong>agendar<\/strong> una sessi\u00f3 personalitzada, no dubtis a posar-te en contacte amb mi. <\/span><\/h5><h5><span style=\"font-weight: 400;\">Estar\u00e9 encantada d&#039;acompanyar-te pel cam\u00ed cap al benestar.<\/span><\/h5>\t\t\t\t\t\t\t\t<\/div>\n\t\t\t\t<\/div>\n\t\t\t\t<section class=\"elementor-section elementor-inner-section elementor-element elementor-element-dca3c00 elementor-section-boxed elementor-section-height-default elementor-section-height-default\" data-id=\"dca3c00\" data-element_type=\"section\" data-e-type=\"section\">\n\t\t\t\t\t\t<div class=\"elementor-container elementor-column-gap-default\">\n\t\t\t\t\t<div class=\"elementor-column elementor-col-50 elementor-inner-column elementor-element elementor-element-1731729b\" data-id=\"1731729b\" data-element_type=\"column\" data-e-type=\"column\">\n\t\t\t<div class=\"elementor-widget-wrap elementor-element-populated\">\n\t\t\t\t\t\t<div class=\"elementor-element elementor-element-c47adc0 elementor-tablet-position-block-start elementor-view-default elementor-position-block-start elementor-mobile-position-block-start elementor-widget elementor-widget-icon-box\" data-id=\"c47adc0\" data-element_type=\"widget\" data-e-type=\"widget\" data-widget_type=\"icon-box.default\">\n\t\t\t\t<div class=\"elementor-widget-container\">\n\t\t\t\t\t\t\t<div class=\"elementor-icon-box-wrapper\">\n\n\t\t\t\t\t\t<div class=\"elementor-icon-box-icon\">\n\t\t\t\t<a href=\"tel:34659565965\" class=\"elementor-icon elementor-animation-pulse-grow\" tabindex=\"-1\" aria-label=\"+34 659 565 965\">\n\t\t\t\t<svg aria-hidden=\"true\" class=\"e-font-icon-svg e-fas-phone\" viewbox=\"0 0 512 512\" xmlns=\"http:\/\/www.w3.org\/2000\/svg\"><path d=\"M493.4 24.6l-104-24c-11.3-2.6-22.9 3.3-27.5 13.9l-48 112c-4.2 9.8-1.4 21.3 6.9 28l60.6 49.6c-36 76.7-98.9 140.5-177.2 177.2l-49.6-60.6c-6.8-8.3-18.2-11.1-28-6.9l-112 48C3.9 366.5-2 378.1.6 389.4l24 104C27.1 504.2 36.7 512 48 512c256.1 0 464-207.5 464-464 0-11.2-7.7-20.9-18.6-23.4z\"><\/path><\/svg>\t\t\t\t<\/a>\n\t\t\t<\/div>\n\t\t\t\n\t\t\t\t\t\t<div class=\"elementor-icon-box-content\">\n\n\t\t\t\t\t\t\t\t\t<p class=\"elementor-icon-box-title\">\n\t\t\t\t\t\t<a href=\"tel:34659565965\" >\n\t\t\t\t\t\t\t+34 659 565 965\t\t\t\t\t\t<\/a>\n\t\t\t\t\t<\/p>\n\t\t\t\t\n\t\t\t\t\n\t\t\t<\/div>\n\t\t\t\n\t\t<\/div>\n\t\t\t\t\t\t<\/div>\n\t\t\t\t<\/div>\n\t\t\t\t\t<\/div>\n\t\t<\/div>\n\t\t\t\t<div class=\"elementor-column elementor-col-50 elementor-inner-column elementor-element elementor-element-52a82ce\" data-id=\"52a82ce\" data-element_type=\"column\" data-e-type=\"column\">\n\t\t\t<div class=\"elementor-widget-wrap elementor-element-populated\">\n\t\t\t\t\t\t<div class=\"elementor-element elementor-element-2c30ec43 elementor-tablet-position-block-start elementor-view-default elementor-position-block-start elementor-mobile-position-block-start elementor-widget elementor-widget-icon-box\" data-id=\"2c30ec43\" data-element_type=\"widget\" data-e-type=\"widget\" data-widget_type=\"icon-box.default\">\n\t\t\t\t<div class=\"elementor-widget-container\">\n\t\t\t\t\t\t\t<div class=\"elementor-icon-box-wrapper\">\n\n\t\t\t\t\t\t<div class=\"elementor-icon-box-icon\">\n\t\t\t\t<a href=\"mailto:shuidao.mtc.barcelona@gmail.com\" class=\"elementor-icon elementor-animation-pulse-grow\" tabindex=\"-1\" aria-label=\"maria@terapiascaminodeagua.com\">\n\t\t\t\t<svg aria-hidden=\"true\" class=\"e-font-icon-svg e-fas-mail-bulk\" viewbox=\"0 0 576 512\" xmlns=\"http:\/\/www.w3.org\/2000\/svg\"><path d=\"M160 448c-25.6 0-51.2-22.4-64-32-64-44.8-83.2-60.8-96-70.4V480c0 17.67 14.33 32 32 32h256c17.67 0 32-14.33 32-32V345.6c-12.8 9.6-32 25.6-96 70.4-12.8 9.6-38.4 32-64 32zm128-192H32c-17.67 0-32 14.33-32 32v16c25.6 19.2 22.4 19.2 115.2 86.4 9.6 6.4 28.8 25.6 44.8 25.6s35.2-19.2 44.8-22.4c92.8-67.2 89.6-67.2 115.2-86.4V288c0-17.67-14.33-32-32-32zm256-96H224c-17.67 0-32 14.33-32 32v32h96c33.21 0 60.59 25.42 63.71 57.82l.29-.22V416h192c17.67 0 32-14.33 32-32V192c0-17.67-14.33-32-32-32zm-32 128h-64v-64h64v64zm-352-96c0-35.29 28.71-64 64-64h224V32c0-17.67-14.33-32-32-32H96C78.33 0 64 14.33 64 32v192h96v-32z\"><\/path><\/svg>\t\t\t\t<\/a>\n\t\t\t<\/div>\n\t\t\t\n\t\t\t\t\t\t<div class=\"elementor-icon-box-content\">\n\n\t\t\t\t\t\t\t\t\t<p class=\"elementor-icon-box-title\">\n\t\t\t\t\t\t<a href=\"mailto:shuidao.mtc.barcelona@gmail.com\" >\n\t\t\t\t\t\t\tmaria@terapiascaminodeagua.com\t\t\t\t\t\t<\/a>\n\t\t\t\t\t<\/p>\n\t\t\t\t\n\t\t\t\t\n\t\t\t<\/div>\n\t\t\t\n\t\t<\/div>\n\t\t\t\t\t\t<\/div>\n\t\t\t\t<\/div>\n\t\t\t\t\t<\/div>\n\t\t<\/div>\n\t\t\t\t\t<\/div>\n\t\t<\/section>\n\t\t\t\t\t<\/div>\n\t\t<\/div>\n\t\t\t\t\t<\/div>\n\t\t<\/section>\n\t\t\t\t<section class=\"elementor-section elementor-top-section elementor-element elementor-element-7ebdd1f2 envato-kit-141-top-0 elementor-section-full_width elementor-section-height-default elementor-section-height-default\" data-id=\"7ebdd1f2\" data-element_type=\"section\" data-e-type=\"section\" data-settings=\"{&quot;background_background&quot;:&quot;classic&quot;}\">\n\t\t\t\t\t\t\t<div class=\"elementor-background-overlay\"><\/div>\n\t\t\t\t\t\t\t<div class=\"elementor-container elementor-column-gap-wider\">\n\t\t\t\t\t<div class=\"elementor-column elementor-col-100 elementor-top-column elementor-element elementor-element-245e9060\" data-id=\"245e9060\" data-element_type=\"column\" data-e-type=\"column\">\n\t\t\t<div class=\"elementor-widget-wrap elementor-element-populated\">\n\t\t\t\t\t\t<div class=\"elementor-element elementor-element-25a0426d elementor-widget elementor-widget-google_maps\" data-id=\"25a0426d\" data-element_type=\"widget\" data-e-type=\"widget\" data-widget_type=\"google_maps.default\">\n\t\t\t\t<div class=\"elementor-widget-container\">\n\t\t\t\t\t\t\t<div class=\"elementor-custom-embed\">\n\t\t\t<iframe loading=\"lazy\"\n\t\t\t\t\tsrc=\"https:\/\/maps.google.com\/maps?q=Ronda%20Universitat%2020%2C%203r%201a&#038;t=m&#038;z=16&#038;output=embed&#038;iwloc=near\"\n\t\t\t\t\ttitle=\"Ronda Universitat 20, 3r 1a\"\n\t\t\t\t\taria-label=\"Ronda Universitat 20, 3r 1a\"\n\t\t\t><\/iframe>\n\t\t<\/div>\n\t\t\t\t\t\t<\/div>\n\t\t\t\t<\/div>\n\t\t\t\t\t<\/div>\n\t\t<\/div>\n\t\t\t\t\t<\/div>\n\t\t<\/section>\n\t\t\t\t<\/div>","protected":false},"excerpt":{"rendered":"<p>Contacto Comienza tu camino de sanaci\u00f3n Estoy aqu\u00ed para ayudarte a restaurar tu equilibrio f\u00edsico, emocional y espiritual. Si tienes preguntas sobre mis servicios o quieres agendar una sesi\u00f3n personalizada, no dudes en ponerte en contacto conmigo. Estar\u00e9 encantada de acompa\u00f1arte en tu camino hacia el bienestar. +34 659 565 965 maria@terapiascaminodeagua.com<\/p>","protected":false},"author":2,"featured_media":0,"parent":0,"menu_order":0,"comment_status":"closed","ping_status":"closed","template":"elementor_theme","meta":{"footnotes":""},"class_list":["post-231","page","type-page","status-publish","hentry"],"yoast_head":"<!-- This site is optimized with the Yoast SEO plugin v27.0 - https:\/\/yoast.com\/product\/yoast-seo-wordpress\/ -->\n<title>Contacto - Terapias Camino de Agua<\/title>\n<meta name=\"robots\" content=\"index, follow, max-snippet:-1, max-image-preview:large, max-video-preview:-1\" \/>\n<link rel=\"canonical\" href=\"https:\/\/terapiascaminodeagua.com\/ca\/contacto\/\" \/>\n<meta property=\"og:locale\" content=\"ca_ES\" \/>\n<meta property=\"og:type\" content=\"article\" \/>\n<meta property=\"og:title\" content=\"Contacto - Terapias Camino de Agua\" \/>\n<meta property=\"og:description\" content=\"Contacto Comienza tu camino de sanaci\u00f3n Estoy aqu\u00ed para ayudarte a restaurar tu equilibrio f\u00edsico, emocional y espiritual. Si tienes preguntas sobre mis servicios o quieres agendar una sesi\u00f3n personalizada, no dudes en ponerte en contacto conmigo. Estar\u00e9 encantada de acompa\u00f1arte en tu camino hacia el bienestar. +34 659 565 965 maria@terapiascaminodeagua.com\" \/>\n<meta property=\"og:url\" content=\"https:\/\/terapiascaminodeagua.com\/ca\/contacto\/\" \/>\n<meta property=\"og:site_name\" content=\"Terapias Camino de Agua\" \/>\n<meta property=\"article:modified_time\" content=\"2026-02-04T15:38:55+00:00\" \/>\n<meta name=\"twitter:card\" content=\"summary_large_image\" \/>\n<meta name=\"twitter:label1\" content=\"Temps estimat de lectura\" \/>\n\t<meta name=\"twitter:data1\" content=\"1 minut\" \/>\n<script type=\"application\/ld+json\" class=\"yoast-schema-graph\">{\"@context\":\"https:\/\/schema.org\",\"@graph\":[{\"@type\":\"WebPage\",\"@id\":\"https:\/\/terapiascaminodeagua.com\/contacto\/\",\"url\":\"https:\/\/terapiascaminodeagua.com\/contacto\/\",\"name\":\"Contacto - Terapias Camino de Agua\",\"isPartOf\":{\"@id\":\"https:\/\/terapiascaminodeagua.com\/#website\"},\"datePublished\":\"2025-04-02T15:02:13+00:00\",\"dateModified\":\"2026-02-04T15:38:55+00:00\",\"breadcrumb\":{\"@id\":\"https:\/\/terapiascaminodeagua.com\/contacto\/#breadcrumb\"},\"inLanguage\":\"ca\",\"potentialAction\":[{\"@type\":\"ReadAction\",\"target\":[\"https:\/\/terapiascaminodeagua.com\/contacto\/\"]}]},{\"@type\":\"BreadcrumbList\",\"@id\":\"https:\/\/terapiascaminodeagua.com\/contacto\/#breadcrumb\",\"itemListElement\":[{\"@type\":\"ListItem\",\"position\":1,\"name\":\"Portada\",\"item\":\"https:\/\/terapiascaminodeagua.com\/\"},{\"@type\":\"ListItem\",\"position\":2,\"name\":\"Contacto\"}]},{\"@type\":\"WebSite\",\"@id\":\"https:\/\/terapiascaminodeagua.com\/#website\",\"url\":\"https:\/\/terapiascaminodeagua.com\/\",\"name\":\"Terapia camino de agua\",\"description\":\"Terapias naturales de acupuntura en Barcelona\",\"publisher\":{\"@id\":\"https:\/\/terapiascaminodeagua.com\/#organization\"},\"potentialAction\":[{\"@type\":\"SearchAction\",\"target\":{\"@type\":\"EntryPoint\",\"urlTemplate\":\"https:\/\/terapiascaminodeagua.com\/?s={search_term_string}\"},\"query-input\":{\"@type\":\"PropertyValueSpecification\",\"valueRequired\":true,\"valueName\":\"search_term_string\"}}],\"inLanguage\":\"ca\"},{\"@type\":\"Organization\",\"@id\":\"https:\/\/terapiascaminodeagua.com\/#organization\",\"name\":\"Terapia camino de agua\",\"url\":\"https:\/\/terapiascaminodeagua.com\/\",\"logo\":{\"@type\":\"ImageObject\",\"inLanguage\":\"ca\",\"@id\":\"https:\/\/terapiascaminodeagua.com\/#\/schema\/logo\/image\/\",\"url\":\"https:\/\/terapiascaminodeagua.com\/wp-content\/uploads\/2025\/04\/cropped-cropped-SHIUDAO-TERAPIAS-CAMINIO-DE-AGUA-512-x-512-px-1.png\",\"contentUrl\":\"https:\/\/terapiascaminodeagua.com\/wp-content\/uploads\/2025\/04\/cropped-cropped-SHIUDAO-TERAPIAS-CAMINIO-DE-AGUA-512-x-512-px-1.png\",\"width\":512,\"height\":512,\"caption\":\"Terapia camino de agua\"},\"image\":{\"@id\":\"https:\/\/terapiascaminodeagua.com\/#\/schema\/logo\/image\/\"}}]}<\/script>\n<!-- \/ Yoast SEO plugin. -->","yoast_head_json":{"title":"Contacto - Terapias Camino de Agua","robots":{"index":"index","follow":"follow","max-snippet":"max-snippet:-1","max-image-preview":"max-image-preview:large","max-video-preview":"max-video-preview:-1"},"canonical":"https:\/\/terapiascaminodeagua.com\/ca\/contacto\/","og_locale":"ca_ES","og_type":"article","og_title":"Contacto - Terapias Camino de Agua","og_description":"Contacto Comienza tu camino de sanaci\u00f3n Estoy aqu\u00ed para ayudarte a restaurar tu equilibrio f\u00edsico, emocional y espiritual. Si tienes preguntas sobre mis servicios o quieres agendar una sesi\u00f3n personalizada, no dudes en ponerte en contacto conmigo. Estar\u00e9 encantada de acompa\u00f1arte en tu camino hacia el bienestar. +34 659 565 965 maria@terapiascaminodeagua.com","og_url":"https:\/\/terapiascaminodeagua.com\/ca\/contacto\/","og_site_name":"Terapias Camino de Agua","article_modified_time":"2026-02-04T15:38:55+00:00","twitter_card":"summary_large_image","twitter_misc":{"Temps estimat de lectura":"1 minut"},"schema":{"@context":"https:\/\/schema.org","@graph":[{"@type":"WebPage","@id":"https:\/\/terapiascaminodeagua.com\/contacto\/","url":"https:\/\/terapiascaminodeagua.com\/contacto\/","name":"Contacto - Terapias Camino de Agua","isPartOf":{"@id":"https:\/\/terapiascaminodeagua.com\/#website"},"datePublished":"2025-04-02T15:02:13+00:00","dateModified":"2026-02-04T15:38:55+00:00","breadcrumb":{"@id":"https:\/\/terapiascaminodeagua.com\/contacto\/#breadcrumb"},"inLanguage":"ca","potentialAction":[{"@type":"ReadAction","target":["https:\/\/terapiascaminodeagua.com\/contacto\/"]}]},{"@type":"BreadcrumbList","@id":"https:\/\/terapiascaminodeagua.com\/contacto\/#breadcrumb","itemListElement":[{"@type":"ListItem","position":1,"name":"Portada","item":"https:\/\/terapiascaminodeagua.com\/"},{"@type":"ListItem","position":2,"name":"Contacto"}]},{"@type":"WebSite","@id":"https:\/\/terapiascaminodeagua.com\/#website","url":"https:\/\/terapiascaminodeagua.com\/","name":"Ter\u00e0pia cam\u00ed d&#039;aigua","description":"Ter\u00e0pies naturals d\u00b4acupuntura a Barcelona","publisher":{"@id":"https:\/\/terapiascaminodeagua.com\/#organization"},"potentialAction":[{"@type":"SearchAction","target":{"@type":"EntryPoint","urlTemplate":"https:\/\/terapiascaminodeagua.com\/?s={search_term_string}"},"query-input":{"@type":"PropertyValueSpecification","valueRequired":true,"valueName":"search_term_string"}}],"inLanguage":"ca"},{"@type":"Organization","@id":"https:\/\/terapiascaminodeagua.com\/#organization","name":"Ter\u00e0pia cam\u00ed d&#039;aigua","url":"https:\/\/terapiascaminodeagua.com\/","logo":{"@type":"ImageObject","inLanguage":"ca","@id":"https:\/\/terapiascaminodeagua.com\/#\/schema\/logo\/image\/","url":"https:\/\/terapiascaminodeagua.com\/wp-content\/uploads\/2025\/04\/cropped-cropped-SHIUDAO-TERAPIAS-CAMINIO-DE-AGUA-512-x-512-px-1.png","contentUrl":"https:\/\/terapiascaminodeagua.com\/wp-content\/uploads\/2025\/04\/cropped-cropped-SHIUDAO-TERAPIAS-CAMINIO-DE-AGUA-512-x-512-px-1.png","width":512,"height":512,"caption":"Terapia camino de agua"},"image":{"@id":"https:\/\/terapiascaminodeagua.com\/#\/schema\/logo\/image\/"}}]}},"_links":{"self":[{"href":"https:\/\/terapiascaminodeagua.com\/ca\/wp-json\/wp\/v2\/pages\/231","targetHints":{"allow":["GET"]}}],"collection":[{"href":"https:\/\/terapiascaminodeagua.com\/ca\/wp-json\/wp\/v2\/pages"}],"about":[{"href":"https:\/\/terapiascaminodeagua.com\/ca\/wp-json\/wp\/v2\/types\/page"}],"author":[{"embeddable":true,"href":"https:\/\/terapiascaminodeagua.com\/ca\/wp-json\/wp\/v2\/users\/2"}],"replies":[{"embeddable":true,"href":"https:\/\/terapiascaminodeagua.com\/ca\/wp-json\/wp\/v2\/comments?post=231"}],"version-history":[{"count":73,"href":"https:\/\/terapiascaminodeagua.com\/ca\/wp-json\/wp\/v2\/pages\/231\/revisions"}],"predecessor-version":[{"id":4939,"href":"https:\/\/terapiascaminodeagua.com\/ca\/wp-json\/wp\/v2\/pages\/231\/revisions\/4939"}],"wp:attachment":[{"href":"https:\/\/terapiascaminodeagua.com\/ca\/wp-json\/wp\/v2\/media?parent=231"}],"curies":[{"name":"wp","href":"https:\/\/api.w.org\/{rel}","templated":true}]}}