{"id":25,"date":"2025-04-02T07:28:12","date_gmt":"2025-04-02T07:28:12","guid":{"rendered":"https:\/\/terapiascaminodeagua.com\/aviso-legal\/"},"modified":"2026-03-04T14:04:33","modified_gmt":"2026-03-04T13:04:33","slug":"aviso-legal","status":"publish","type":"page","link":"https:\/\/terapiascaminodeagua.com\/ca\/aviso-legal\/","title":{"rendered":"Av\u00eds legal"},"content":{"rendered":"<div data-elementor-type=\"wp-page\" data-elementor-id=\"25\" class=\"elementor elementor-25\" data-elementor-post-type=\"page\">\n\t\t\t\t<div class=\"elementor-element elementor-element-473cc282 e-flex e-con-boxed e-con e-parent\" data-id=\"473cc282\" data-element_type=\"container\" data-e-type=\"container\" data-settings=\"{&quot;background_background&quot;:&quot;classic&quot;}\">\n\t\t\t\t\t<div class=\"e-con-inner\">\n\t\t<div class=\"elementor-element elementor-element-1c95e500 e-con-full e-flex e-con e-child\" data-id=\"1c95e500\" data-element_type=\"container\" data-e-type=\"container\">\n\t\t\t\t<div class=\"elementor-element elementor-element-3cc827f2 elementor-widget__width-inherit elementor-widget elementor-widget-heading\" data-id=\"3cc827f2\" data-element_type=\"widget\" data-e-type=\"widget\" data-widget_type=\"heading.default\">\n\t\t\t\t<div class=\"elementor-widget-container\">\n\t\t\t\t\t<h1 class=\"elementor-heading-title elementor-size-default\">Av\u00eds legal<\/h1>\t\t\t\t<\/div>\n\t\t\t\t<\/div>\n\t\t\t\t<\/div>\n\t\t\t\t\t<\/div>\n\t\t\t\t<\/div>\n\t\t<div class=\"elementor-element elementor-element-6346ee8 e-flex e-con-boxed e-con e-parent\" data-id=\"6346ee8\" data-element_type=\"container\" data-e-type=\"container\">\n\t\t\t\t\t<div class=\"e-con-inner\">\n\t\t\t\t<div class=\"elementor-element elementor-element-3a18116f elementor-widget elementor-widget-text-editor\" data-id=\"3a18116f\" data-element_type=\"widget\" data-e-type=\"widget\" data-widget_type=\"text-editor.default\">\n\t\t\t\t<div class=\"elementor-widget-container\">\n\t\t\t\t\t\t\t\t\t<p class=\"wp-block-heading\">Responsable del tractament de les dades<\/p><p>\u00a0En compliment del deure informaci\u00f3 que estableix la Llei La 34\/2002, d&#039;11 de juliol, de Serveis de la Societat de la Informaci\u00f3 i del Comer\u00e7 Electr\u00f2nic, us comuniquem que aquesta web \u00e9s titularitat de:<\/p><ul><li>Nom: <span style=\"font-weight: 400;\">MARIA OLIETE CAMPS <\/span>amb NIF <span style=\"font-weight: 400;\">37378365F<\/span><\/li><li>Adre\u00e7a: <span style=\"font-weight: 400;\">Carrer de Maluquer 10 1 1, 08902 L&#8217;Hospitalet de Llobregat (Barcelona)<\/span><b><br \/><\/b><\/li><li>Tel\u00e8fon: 659565965<\/li><li>Mail: <a href=\"mailto:shuidao.mtc.barcelona@gmail.com\">shuidao.mtc.barcelona@gmail.com<\/a><\/li><\/ul><p>\u00a0<\/p><p style=\"font-family: 'Lato'; font-size: 25px;\"><b> Objecte <\/b><\/p><p>El Responsable posa a disposici\u00f3 dels usuaris aquest document amb el qual pret\u00e9n donar compliment del que disposa la normativa vigent en mat\u00e8ria de protecci\u00f3 de dades, i en el context del nou marc normatiu establert en virtut del que disposa el Reglament (UE ) 2016\/679 del Parlament Europeu i del Consell, de 27 d&#039;abril de 2016, quant a dades de la protecci\u00f3 de dades dades (d&#039;ara endavant, el \u201cRGPD\u201d), i la normativa nacional en mat\u00e8ria de protecci\u00f3 de dades de car\u00e0cter personal, aix\u00ed com informar tots els usuaris del lloc web respecte a quines en s\u00f3n les condicions d&#039;\u00fas. Tota persona que accedeixi a aquest lloc web assumeix el paper d&#039;usuari, comprometent-se a l&#039;observan\u00e7a i el compliment rigor\u00f3s de les disposicions aqu\u00ed disposades, aix\u00ed com a qualsevol altra disposici\u00f3 legal que sigui aplicable. El Responsable es reserva el dret a modificar qualsevol tipus d&#039;informaci\u00f3 que pogu\u00e9s apar\u00e8ixer al lloc web, sense que hi hagi obligaci\u00f3 de preavisar o posar en coneixement dels usuaris aquestes obligacions, entenent-se com a suficient amb la publicaci\u00f3 al lloc web del Responsable.<\/p><p style=\"font-family: 'Lato'; font-size: 25px;\"><b><br \/>Responsabilitat <\/b><\/p><p>El Responsable s&#039;eximeix de qualsevol tipus de responsabilitat derivada de la informaci\u00f3 publicada al vostre lloc web, sempre que aquesta informaci\u00f3 hagi estat manipulada o introdu\u00efda per un tercer ali\u00e8 al mateix.<\/p><p style=\"font-family: 'Lato'; font-size: 25px;\"><b> Adreces IP <\/b><\/p><p>Los servidores del sitio web podr\u00e1n detectar autom\u00e1ticamente la direcci\u00f3n IP y el nombre de dominio utilizados por el usuario. Una direcci\u00f3n IP es un n\u00famero asignado autom\u00e1ticamente a un ordenador cuando \u00e9ste se conecta a Internet.\u00a0Toda esta informaci\u00f3n est\u00e1 registrada en un archivo de actividad del servidor, debidamente inscrito, que permite el procesamiento posterior de los datos para obtener medidas \u00fanicamente estad\u00edsticas que permitan conocer el n\u00famero de impresiones de p\u00e1ginas, el n\u00famero de visitas realizadas a los servidores web, orden de visitas, punto de acceso, etc.<\/p><p style=\"font-family: 'Lato'; font-size: 25px;\"><b> Pol\u00edtica d&#039;enlla\u00e7os<\/b><\/p><p>Desde el presente sitio web es posible que se redirija a contenidos de terceros sitios web.\u00a0Dado que El Responsable no puede controlar siempre los contenidos introducidos por los terceros en sus sitios web, \u00e9ste no asume ning\u00fan tipo de responsabilidad respecto a estos contenidos.\u00a0En todo caso, El Responsable manifiesta que proceder\u00e1 a la retirada inmediata de cualquier contenido que pudiera contravenir la legislaci\u00f3n nacional o internacional, la moral o el orden p\u00fablico, procediendo a la retirada inmediata de la redirecci\u00f3n a este sitio web, poniendo en conocimiento de las autoridades competentes el contenido en cuesti\u00f3n. El Responsable no se hace responsable de la informaci\u00f3n y contenidos almacenados, a t\u00edtulo enunciativo pero no limitativo, en foros, chats, generadores de blogs, comentarios, redes sociales o cualquier otro medio que permita a terceros publicar contenidos de forma independiente en la p\u00e1gina web del Responsable.\u00a0Sin embargo y en cumplimiento de lo dispuesto en el art.\u00a011 y 16 de la LSSICE, El Responsable se pone a disposici\u00f3n de todos los usuarios, autoridades y fuerzas de seguridad, colaborando de forma activa en la retirada o en su caso bloqueo de todos aquellos contenidos que pudieran afectar o contravenir la legislaci\u00f3n nacional, o internacional, derechos de terceros o la moral y el orden p\u00fablico.\u00a0En caso de que el usuario considere que existe en el sitio web alg\u00fan contenido que pudiera ser susceptible de esta clasificaci\u00f3n, Este sitio web ha sido revisado y probado para que funcione correctamente.\u00a0En principio, se puede garantizar el correcto funcionamiento los 365 d\u00edas del a\u00f1o, 24 horas al d\u00eda.\u00a0No obstante, El Responsable no descarta la posibilidad de que existan ciertos errores de programaci\u00f3n, o que se conviertan en causas de fuerza mayor, cat\u00e1strofes naturales, huelgas, o circunstancias similares que hagan imposible el acceso a la p\u00e1gina web.<\/p><p style=\"font-family: 'Lato'; font-size: 25px;\"><b> Protecci\u00f3 de dades<\/b><\/p><p>El Responsable es troba profundament comprom\u00e8s en el compliment del que disposa la normativa vigent en mat\u00e8ria de protecci\u00f3 de dades, i en el context del nou marc normatiu establert en virtut del que disposa el Reglament (UE) 2016\/679 del Parlament Europeu i del Consell , de 27 d&#039;abril de 2016, relatiu a la protecci\u00f3 de les persones f\u00edsiques pel que fa a la protecci\u00f3 de les persones f\u00edsiques RGPD), i la normativa nacional en mat\u00e8ria de protecci\u00f3 de dades de car\u00e0cter personal. Aix\u00ed mateix, El Responsable informa que d\u00f3na compliment a la Llei 34\/2002 d&#039;11 de juliol, de Serveis de la Societat de la Informaci\u00f3 i el Comer\u00e7 Electr\u00f2nic i us sol\u00b7licitar\u00e0 el consentiment al tractament de les vostres dades amb fins comercials en cada moment.<\/p><p style=\"font-family: 'Lato'; font-size: 25px;\"><b> Propietat intel\u00b7lectual i industrial<\/b><\/p><p>El lloc web, incloent-hi a t\u00edtol enunciatiu per\u00f2 no limitatiu la seva programaci\u00f3, edici\u00f3, compilaci\u00f3 i altres elements necessaris per al seu funcionament, els dissenys, logotips, text i\/o gr\u00e0fics s\u00f3n propietat del Responsable o si escau disposa de llic\u00e8ncia o autoritzaci\u00f3 expressa per part dels autors. Tots els continguts del lloc web estan protegits degudament per la normativa de propietat intel\u00b7lectual i industrial. Independentment de la finalitat per a la qual fossin destinats, la reproducci\u00f3 total o parcial, \u00fas, explotaci\u00f3, distribuci\u00f3 i comercialitzaci\u00f3 requereix en tot cas lautoritzaci\u00f3 escrita pr\u00e8via per part del Responsable. Qualsevol \u00fas no autoritzat pr\u00e8viament pel responsable ser\u00e0 considerat un incompliment greu dels drets de propietat intel\u00b7lectual o industrial de lautor. Els dissenys, logotips, text i\/o gr\u00e0fics aliens al prestador i que poguessin apar\u00e8ixer al lloc web, pertanyen als seus respectius propietaris, sent ells mateixos responsables de qualsevol possible controv\u00e8rsia que pogu\u00e9s suscitar-se respecte d&#039;aquests. En tot cas, El Responsable compta amb lautoritzaci\u00f3 expressa i pr\u00e8via per part dels mateixos. El Responsable autoritza expressament que tercers puguin redirigir directament els continguts concrets del lloc web, i en tot cas ha de redirigir a la p\u00e0gina principal del lloc web del Responsable. El Responsable reconeix a favor dels seus titulars els corresponents drets de propietat intel\u00b7lectual i industrial, i no implica la seva sola menci\u00f3 o aparici\u00f3 al lloc web l&#039;exist\u00e8ncia de drets o responsabilitat del Responsable sobre aquests, com tampoc suport, patrocini o recomanaci\u00f3 pel seu part. Per a totes aquelles imatges en qu\u00e8 el programari de disseny ho permet, s&#039;hi han incl\u00f2s les refer\u00e8ncies corresponents a l&#039;autoria i la llic\u00e8ncia corresponent. Per realitzar qualsevol tipus d&#039;observaci\u00f3 respecte a possibles incompliments dels drets de propietat intel\u00b7lectual o industrial, aix\u00ed com sobre qualsevol dels continguts del lloc web, ho podeu fer a trav\u00e9s del correu electr\u00f2nic seg\u00fcent: <a href=\"mailto:shuidao.mtc.barcelona@gmail.com\">shuidao.mtc.barcelona@gmail.com<\/a><\/p>\t\t\t\t\t\t\t\t<\/div>\n\t\t\t\t<\/div>\n\t\t\t\t\t<\/div>\n\t\t\t\t<\/div>\n\t\t\t\t<\/div>","protected":false},"excerpt":{"rendered":"<p>Responsable del tratamiento de los datos \u00a0En cumplimiento del deber de informaci\u00f3n que establece la Ley La 34\/2002, de 11 de julio, de Servicios de la Sociedad de la Informaci\u00f3n y del Comercio Electr\u00f3nico, le comunicamos que esta web es titularidad de: Nombre: MARIA OLIETE CAMPS con NIF 37378365F Direcci\u00f3n: Carrer de Maluquer 10 1 [&hellip;]<\/p>\n","protected":false},"author":1,"featured_media":0,"parent":0,"menu_order":0,"comment_status":"closed","ping_status":"closed","template":"","meta":{"footnotes":""},"class_list":["post-25","page","type-page","status-publish","hentry"],"yoast_head":"<!-- This site is optimized with the Yoast SEO plugin v27.0 - https:\/\/yoast.com\/product\/yoast-seo-wordpress\/ -->\n<title>Aviso legal - Terapias Camino de Agua<\/title>\n<meta name=\"robots\" content=\"index, follow, max-snippet:-1, max-image-preview:large, max-video-preview:-1\" \/>\n<link rel=\"canonical\" href=\"https:\/\/terapiascaminodeagua.com\/ca\/aviso-legal\/\" \/>\n<meta property=\"og:locale\" content=\"ca_ES\" \/>\n<meta property=\"og:type\" content=\"article\" \/>\n<meta property=\"og:title\" content=\"Aviso legal - Terapias Camino de Agua\" \/>\n<meta property=\"og:description\" content=\"Responsable del tratamiento de los datos \u00a0En cumplimiento del deber de informaci\u00f3n que establece la Ley La 34\/2002, de 11 de julio, de Servicios de la Sociedad de la Informaci\u00f3n y del Comercio Electr\u00f3nico, le comunicamos que esta web es titularidad de: Nombre: MARIA OLIETE CAMPS con NIF 37378365F Direcci\u00f3n: Carrer de Maluquer 10 1 [&hellip;]\" \/>\n<meta property=\"og:url\" content=\"https:\/\/terapiascaminodeagua.com\/ca\/aviso-legal\/\" \/>\n<meta property=\"og:site_name\" content=\"Terapias Camino de Agua\" \/>\n<meta property=\"article:modified_time\" content=\"2026-03-04T13:04:33+00:00\" \/>\n<meta name=\"twitter:card\" content=\"summary_large_image\" \/>\n<meta name=\"twitter:label1\" content=\"Temps estimat de lectura\" \/>\n\t<meta name=\"twitter:data1\" content=\"6 minuts\" \/>\n<script type=\"application\/ld+json\" class=\"yoast-schema-graph\">{\"@context\":\"https:\/\/schema.org\",\"@graph\":[{\"@type\":\"WebPage\",\"@id\":\"https:\/\/terapiascaminodeagua.com\/aviso-legal\/\",\"url\":\"https:\/\/terapiascaminodeagua.com\/aviso-legal\/\",\"name\":\"Aviso legal - Terapias Camino de Agua\",\"isPartOf\":{\"@id\":\"https:\/\/terapiascaminodeagua.com\/#website\"},\"datePublished\":\"2025-04-02T07:28:12+00:00\",\"dateModified\":\"2026-03-04T13:04:33+00:00\",\"breadcrumb\":{\"@id\":\"https:\/\/terapiascaminodeagua.com\/aviso-legal\/#breadcrumb\"},\"inLanguage\":\"ca\",\"potentialAction\":[{\"@type\":\"ReadAction\",\"target\":[\"https:\/\/terapiascaminodeagua.com\/aviso-legal\/\"]}]},{\"@type\":\"BreadcrumbList\",\"@id\":\"https:\/\/terapiascaminodeagua.com\/aviso-legal\/#breadcrumb\",\"itemListElement\":[{\"@type\":\"ListItem\",\"position\":1,\"name\":\"Portada\",\"item\":\"https:\/\/terapiascaminodeagua.com\/\"},{\"@type\":\"ListItem\",\"position\":2,\"name\":\"Aviso legal\"}]},{\"@type\":\"WebSite\",\"@id\":\"https:\/\/terapiascaminodeagua.com\/#website\",\"url\":\"https:\/\/terapiascaminodeagua.com\/\",\"name\":\"Terapia camino de agua\",\"description\":\"Terapias naturales de acupuntura en Barcelona\",\"publisher\":{\"@id\":\"https:\/\/terapiascaminodeagua.com\/#organization\"},\"potentialAction\":[{\"@type\":\"SearchAction\",\"target\":{\"@type\":\"EntryPoint\",\"urlTemplate\":\"https:\/\/terapiascaminodeagua.com\/?s={search_term_string}\"},\"query-input\":{\"@type\":\"PropertyValueSpecification\",\"valueRequired\":true,\"valueName\":\"search_term_string\"}}],\"inLanguage\":\"ca\"},{\"@type\":\"Organization\",\"@id\":\"https:\/\/terapiascaminodeagua.com\/#organization\",\"name\":\"Terapia camino de agua\",\"url\":\"https:\/\/terapiascaminodeagua.com\/\",\"logo\":{\"@type\":\"ImageObject\",\"inLanguage\":\"ca\",\"@id\":\"https:\/\/terapiascaminodeagua.com\/#\/schema\/logo\/image\/\",\"url\":\"https:\/\/terapiascaminodeagua.com\/wp-content\/uploads\/2025\/04\/cropped-cropped-SHIUDAO-TERAPIAS-CAMINIO-DE-AGUA-512-x-512-px-1.png\",\"contentUrl\":\"https:\/\/terapiascaminodeagua.com\/wp-content\/uploads\/2025\/04\/cropped-cropped-SHIUDAO-TERAPIAS-CAMINIO-DE-AGUA-512-x-512-px-1.png\",\"width\":512,\"height\":512,\"caption\":\"Terapia camino de agua\"},\"image\":{\"@id\":\"https:\/\/terapiascaminodeagua.com\/#\/schema\/logo\/image\/\"}}]}<\/script>\n<!-- \/ Yoast SEO plugin. -->","yoast_head_json":{"title":"Aviso legal - Terapias Camino de Agua","robots":{"index":"index","follow":"follow","max-snippet":"max-snippet:-1","max-image-preview":"max-image-preview:large","max-video-preview":"max-video-preview:-1"},"canonical":"https:\/\/terapiascaminodeagua.com\/ca\/aviso-legal\/","og_locale":"ca_ES","og_type":"article","og_title":"Aviso legal - Terapias Camino de Agua","og_description":"Responsable del tratamiento de los datos \u00a0En cumplimiento del deber de informaci\u00f3n que establece la Ley La 34\/2002, de 11 de julio, de Servicios de la Sociedad de la Informaci\u00f3n y del Comercio Electr\u00f3nico, le comunicamos que esta web es titularidad de: Nombre: MARIA OLIETE CAMPS con NIF 37378365F Direcci\u00f3n: Carrer de Maluquer 10 1 [&hellip;]","og_url":"https:\/\/terapiascaminodeagua.com\/ca\/aviso-legal\/","og_site_name":"Terapias Camino de Agua","article_modified_time":"2026-03-04T13:04:33+00:00","twitter_card":"summary_large_image","twitter_misc":{"Temps estimat de lectura":"6 minuts"},"schema":{"@context":"https:\/\/schema.org","@graph":[{"@type":"WebPage","@id":"https:\/\/terapiascaminodeagua.com\/aviso-legal\/","url":"https:\/\/terapiascaminodeagua.com\/aviso-legal\/","name":"Aviso legal - Terapias Camino de Agua","isPartOf":{"@id":"https:\/\/terapiascaminodeagua.com\/#website"},"datePublished":"2025-04-02T07:28:12+00:00","dateModified":"2026-03-04T13:04:33+00:00","breadcrumb":{"@id":"https:\/\/terapiascaminodeagua.com\/aviso-legal\/#breadcrumb"},"inLanguage":"ca","potentialAction":[{"@type":"ReadAction","target":["https:\/\/terapiascaminodeagua.com\/aviso-legal\/"]}]},{"@type":"BreadcrumbList","@id":"https:\/\/terapiascaminodeagua.com\/aviso-legal\/#breadcrumb","itemListElement":[{"@type":"ListItem","position":1,"name":"Portada","item":"https:\/\/terapiascaminodeagua.com\/"},{"@type":"ListItem","position":2,"name":"Aviso legal"}]},{"@type":"WebSite","@id":"https:\/\/terapiascaminodeagua.com\/#website","url":"https:\/\/terapiascaminodeagua.com\/","name":"Ter\u00e0pia cam\u00ed d&#039;aigua","description":"Ter\u00e0pies naturals d\u00b4acupuntura a Barcelona","publisher":{"@id":"https:\/\/terapiascaminodeagua.com\/#organization"},"potentialAction":[{"@type":"SearchAction","target":{"@type":"EntryPoint","urlTemplate":"https:\/\/terapiascaminodeagua.com\/?s={search_term_string}"},"query-input":{"@type":"PropertyValueSpecification","valueRequired":true,"valueName":"search_term_string"}}],"inLanguage":"ca"},{"@type":"Organization","@id":"https:\/\/terapiascaminodeagua.com\/#organization","name":"Ter\u00e0pia cam\u00ed d&#039;aigua","url":"https:\/\/terapiascaminodeagua.com\/","logo":{"@type":"ImageObject","inLanguage":"ca","@id":"https:\/\/terapiascaminodeagua.com\/#\/schema\/logo\/image\/","url":"https:\/\/terapiascaminodeagua.com\/wp-content\/uploads\/2025\/04\/cropped-cropped-SHIUDAO-TERAPIAS-CAMINIO-DE-AGUA-512-x-512-px-1.png","contentUrl":"https:\/\/terapiascaminodeagua.com\/wp-content\/uploads\/2025\/04\/cropped-cropped-SHIUDAO-TERAPIAS-CAMINIO-DE-AGUA-512-x-512-px-1.png","width":512,"height":512,"caption":"Terapia camino de agua"},"image":{"@id":"https:\/\/terapiascaminodeagua.com\/#\/schema\/logo\/image\/"}}]}},"_links":{"self":[{"href":"https:\/\/terapiascaminodeagua.com\/ca\/wp-json\/wp\/v2\/pages\/25","targetHints":{"allow":["GET"]}}],"collection":[{"href":"https:\/\/terapiascaminodeagua.com\/ca\/wp-json\/wp\/v2\/pages"}],"about":[{"href":"https:\/\/terapiascaminodeagua.com\/ca\/wp-json\/wp\/v2\/types\/page"}],"author":[{"embeddable":true,"href":"https:\/\/terapiascaminodeagua.com\/ca\/wp-json\/wp\/v2\/users\/1"}],"replies":[{"embeddable":true,"href":"https:\/\/terapiascaminodeagua.com\/ca\/wp-json\/wp\/v2\/comments?post=25"}],"version-history":[{"count":19,"href":"https:\/\/terapiascaminodeagua.com\/ca\/wp-json\/wp\/v2\/pages\/25\/revisions"}],"predecessor-version":[{"id":5033,"href":"https:\/\/terapiascaminodeagua.com\/ca\/wp-json\/wp\/v2\/pages\/25\/revisions\/5033"}],"wp:attachment":[{"href":"https:\/\/terapiascaminodeagua.com\/ca\/wp-json\/wp\/v2\/media?parent=25"}],"curies":[{"name":"wp","href":"https:\/\/api.w.org\/{rel}","templated":true}]}}