{"id":3087,"date":"2025-06-04T13:51:02","date_gmt":"2025-06-04T13:51:02","guid":{"rendered":"https:\/\/terapiascaminodeagua.com\/?page_id=3087"},"modified":"2025-09-22T12:06:35","modified_gmt":"2025-09-22T10:06:35","slug":"meditacion-taoista","status":"publish","type":"page","link":"https:\/\/terapiascaminodeagua.com\/ca\/meditacion-taoista\/","title":{"rendered":"Meditaci\u00f3 Taoista"},"content":{"rendered":"<h2 class=\"wp-block-heading\"><strong>Meditaci\u00f3 Taoista: Reconnectem amb l&#039;ess\u00e8ncia de l&#039;equilibri a Terapias Camino de Agua<\/strong><\/h2>\n\n\n\n<h3 class=\"wp-block-heading\"><strong>Troba l&#039;harmonia interior a trav\u00e9s de la Meditaci\u00f3 Taoista<\/strong><\/h3>\n\n\n\n<p>A Terapias Camino de Agua, creiem que el benestar veritable neix de l&#039;harmonia entre cos, ment i esperit. Per aix\u00f2, entre les nostres pr\u00e0ctiques fonamentals hi ha la <strong>Meditaci\u00f3 Taoista<\/strong>, una t\u00e8cnica ancestral que ens convida a tornar a l&#039;origen, a escoltar el flux de la vida (el Tao) dins nostre. A trav\u00e9s de sessions presencials i en l\u00ednia, guiem persones que volen reduir l&#039;estr\u00e8s, millorar la seva energia vital i reconnectar amb el seu interior. T\u00b4acompanyem pas a pas, des d\u00b4una base senzilla fins a una experi\u00e8ncia profunda i transformadora de meditaci\u00f3.<\/p>\n\n\n\n<h3 class=\"wp-block-heading\"><strong>Meditaci\u00f3 Taoista: Una via natural cap a l&#039;equilibri energ\u00e8tic i emocional<\/strong><\/h3>\n\n\n\n<p>\u00c9s una pr\u00e0ctica mil\u00b7len\u00e0ria desenvolupada dins de la filosofia taoista xinesa. Aquesta t\u00e8cnica s&#039;enfoca a cultivar el Qi (energia vital) mitjan\u00e7ant una combinaci\u00f3 de respiraci\u00f3 conscient, visualitzaci\u00f3, quietud interna i connexi\u00f3 amb els ritmes de la natura. A les nostres sessions de Meditaci\u00f3 Taoista, treballem amb pr\u00e0ctiques com el somriure interior, l&#039;alqu\u00edmia interna i l&#039;observaci\u00f3 dels \u00f2rgans, fomentant un estat de pau durador. Practicar <strong>Meditaci\u00f3 Taoista <\/strong>de forma regular aporta beneficis concrets com la disminuci\u00f3 de l&#039;ansietat, la regulaci\u00f3 del sistema nervi\u00f3s i una estabilitat emocional m\u00e9s gran. Aprenem a observar els nostres pensaments sense jutjar-los, a escoltar el nostre cos amb atenci\u00f3, ia fluir amb situacions externes sense resist\u00e8ncia. Per a nosaltres, no es tracta nom\u00e9s de meditar, sin\u00f3 de transformar la nostra manera d&#039;estar al m\u00f3n, m\u00e9s connectats amb all\u00f2 natural i amb el nostre centre.<\/p>\n\n\n\n<figure class=\"wp-block-image size-large\"><img fetchpriority=\"high\" decoding=\"async\" width=\"1024\" height=\"640\" src=\"https:\/\/terapiascaminodeagua.com\/wp-content\/uploads\/2025\/06\/meditacion-taoista-1-1024x640.jpg\" alt=\"\" class=\"wp-image-3088\" srcset=\"https:\/\/terapiascaminodeagua.com\/wp-content\/uploads\/2025\/06\/meditacion-taoista-1-1024x640.jpg 1024w, https:\/\/terapiascaminodeagua.com\/wp-content\/uploads\/2025\/06\/meditacion-taoista-1-300x188.jpg 300w, https:\/\/terapiascaminodeagua.com\/wp-content\/uploads\/2025\/06\/meditacion-taoista-1-768x480.jpg 768w, https:\/\/terapiascaminodeagua.com\/wp-content\/uploads\/2025\/06\/meditacion-taoista-1-18x12.jpg 18w, https:\/\/terapiascaminodeagua.com\/wp-content\/uploads\/2025\/06\/meditacion-taoista-1.jpg 1200w\" sizes=\"(max-width: 1024px) 100vw, 1024px\" \/><\/figure>\n\n\n\n<h3 class=\"wp-block-heading\"><strong>Beneficis tangibles de la Meditaci\u00f3 Taoista a la teva vida quotidiana<\/strong><\/h3>\n\n\n\n<p>Incorporar la <strong>Meditaci\u00f3 Taoista<\/strong> en el teu dia a dia \u00e9s una manera poderosa de promoure l&#039;autocura profunda i mantenir l&#039;equilibri interior en temps de canvi o estr\u00e8s. En treballar amb lenergia dels \u00f2rgans, per exemple, ajudem a alliberar tensions acumulades, millorar el funcionament del sistema digestiu i refor\u00e7ar el sistema immunol\u00f2gic. A m\u00e9s, en activar l&#039;energia del cor, cultivem l&#039;alegria i la compassi\u00f3 envers nosaltres mateixos i els altres. Els nostres alumnes solen comentar que despr\u00e9s d&#039;unes setmanes practicant <strong>aquesta meditaci\u00f3 ancestral<\/strong>, senten m\u00e9s claredat mental, m\u00e9s vitalitat i una pau que es mant\u00e9 fins i tot en situacions desafiadores. A nivell f\u00edsic, tamb\u00e9 noten millores al son, reducci\u00f3 del dolor muscular i una millor qualitat respirat\u00f2ria. Tot aix\u00f2 sorgeix no sols dels exercicis, sin\u00f3 de l&#039;espai de consci\u00e8ncia plena que es construeix a cada sessi\u00f3.<\/p>\n\n\n\n<h3 class=\"wp-block-heading\"><strong>Meditaci\u00f3 Taoista com a ter\u00e0pia complement\u00e0ria en el nostre enfocament hol\u00edstic<\/strong><\/h3>\n\n\n\n<p>A Terapias Camino de Agua, utilitzem la <strong>Meditaci\u00f3 Taoista<\/strong> com una eina clau dins del nostre enfocament integral de la salut. No la veiem com una pr\u00e0ctica a\u00efllada, sin\u00f3 com una manera de complementar altres ter\u00e0pies naturals com el Qi Gong, l&#039;acupuntura, el Reiki o el massatge energ\u00e8tic. Aquesta combinaci\u00f3 permet treballar no sols el s\u00edmptoma, sin\u00f3 tamb\u00e9 l&#039;arrel emocional o energ\u00e8tica del malestar. Per exemple, en casos de fatiga cr\u00f2nica, ansietat o bloqueig emocional, integrar sessions de Meditaci\u00f3 Taoista permet que lenergia del pacient torni a fluir, ajudant a desbloquejar tensions f\u00edsiques i calmar el di\u00e0leg mental. En enfocar l&#039;atenci\u00f3 al Tan Tien (centre energ\u00e8tic sota el melic), guiem el cos a recuperar el seu equilibri natural. A m\u00e9s, oferim tallers espec\u00edfics on integrem la meditaci\u00f3 amb el moviment conscient i la respiraci\u00f3 taoista per potenciar-ne encara m\u00e9s els efectes terap\u00e8utics.<\/p>\n\n\n\n<h3 class=\"wp-block-heading\"><strong>Meditaci\u00f3 Taoista, l&#039;art de tornar al centre<\/strong><\/h3>\n\n\n\n<p>Si cerques una pr\u00e0ctica profunda que et permeti reconnectar amb la teva energia vital, reduir l&#039;estr\u00e8s i cultivar l&#039;equilibri interior, la <strong>Meditaci\u00f3 Taoista<\/strong> \u00e9s una opci\u00f3 poderosa i transformadora. A Terapias Camino de Agua, us oferim una experi\u00e8ncia aut\u00e8ntica, guiada per professionals, on podreu descobrir pas a pas els beneficis d&#039;aquesta pr\u00e0ctica mil\u00b7len\u00e0ria. Et convidem a fer el primer pas. Contacta&#039;ns per con\u00e8ixer els nostres horaris, modalitats i programes personalitzats. Caminem junts cap al benestar des del centre, amb la saviesa ancestral del Tao com a guia.<\/p>","protected":false},"excerpt":{"rendered":"<p>Meditaci\u00f3n Tao\u00edsta: Reconectamos con la esencia del equilibrio en Terapias Camino de Agua Encuentra la armon\u00eda interior a trav\u00e9s de la Meditaci\u00f3n Tao\u00edsta En Terapias Camino de Agua, creemos que el bienestar verdadero nace de la armon\u00eda entre cuerpo, mente y esp\u00edritu. Por eso, entre nuestras pr\u00e1cticas fundamentales se encuentra la Meditaci\u00f3n Tao\u00edsta, una t\u00e9cnica [&hellip;]<\/p>\n","protected":false},"author":3,"featured_media":3089,"parent":0,"menu_order":0,"comment_status":"closed","ping_status":"closed","template":"","meta":{"footnotes":""},"class_list":["post-3087","page","type-page","status-publish","has-post-thumbnail","hentry"],"yoast_head":"<!-- This site is optimized with the Yoast SEO plugin v27.0 - https:\/\/yoast.com\/product\/yoast-seo-wordpress\/ -->\n<title>Meditaci\u00f3n Tao\u00edsta - Terapias Camino de Agua<\/title>\n<meta name=\"description\" content=\"Meditaci\u00f3n tao\u00edsta en Barcelona. Una pr\u00e1ctica ancestral para calmar la mente, equilibrar la energ\u00eda y conectar con tu bienestar interior.\" \/>\n<meta name=\"robots\" content=\"index, follow, max-snippet:-1, max-image-preview:large, max-video-preview:-1\" \/>\n<link rel=\"canonical\" href=\"https:\/\/terapiascaminodeagua.com\/ca\/meditacion-taoista\/\" \/>\n<meta property=\"og:locale\" content=\"ca_ES\" \/>\n<meta property=\"og:type\" content=\"article\" \/>\n<meta property=\"og:title\" content=\"Meditaci\u00f3n Tao\u00edsta - Terapias Camino de Agua\" \/>\n<meta property=\"og:description\" content=\"Meditaci\u00f3n tao\u00edsta en Barcelona. Una pr\u00e1ctica ancestral para calmar la mente, equilibrar la energ\u00eda y conectar con tu bienestar interior.\" \/>\n<meta property=\"og:url\" content=\"https:\/\/terapiascaminodeagua.com\/ca\/meditacion-taoista\/\" \/>\n<meta property=\"og:site_name\" content=\"Terapias Camino de Agua\" \/>\n<meta property=\"article:modified_time\" content=\"2025-09-22T10:06:35+00:00\" \/>\n<meta property=\"og:image\" content=\"https:\/\/terapiascaminodeagua.com\/wp-content\/uploads\/2025\/06\/meditacion-taoista.jpg\" \/>\n\t<meta property=\"og:image:width\" content=\"1200\" \/>\n\t<meta property=\"og:image:height\" content=\"750\" \/>\n\t<meta property=\"og:image:type\" content=\"image\/jpeg\" \/>\n<meta name=\"twitter:card\" content=\"summary_large_image\" \/>\n<meta name=\"twitter:label1\" content=\"Temps estimat de lectura\" \/>\n\t<meta name=\"twitter:data1\" content=\"4 minuts\" \/>\n<script type=\"application\/ld+json\" class=\"yoast-schema-graph\">{\"@context\":\"https:\/\/schema.org\",\"@graph\":[{\"@type\":\"WebPage\",\"@id\":\"https:\/\/terapiascaminodeagua.com\/meditacion-taoista\/\",\"url\":\"https:\/\/terapiascaminodeagua.com\/meditacion-taoista\/\",\"name\":\"Meditaci\u00f3n Tao\u00edsta - Terapias Camino de Agua\",\"isPartOf\":{\"@id\":\"https:\/\/terapiascaminodeagua.com\/#website\"},\"primaryImageOfPage\":{\"@id\":\"https:\/\/terapiascaminodeagua.com\/meditacion-taoista\/#primaryimage\"},\"image\":{\"@id\":\"https:\/\/terapiascaminodeagua.com\/meditacion-taoista\/#primaryimage\"},\"thumbnailUrl\":\"https:\/\/terapiascaminodeagua.com\/wp-content\/uploads\/2025\/06\/meditacion-taoista.jpg\",\"datePublished\":\"2025-06-04T13:51:02+00:00\",\"dateModified\":\"2025-09-22T10:06:35+00:00\",\"description\":\"Meditaci\u00f3n tao\u00edsta en Barcelona. Una pr\u00e1ctica ancestral para calmar la mente, equilibrar la energ\u00eda y conectar con tu bienestar interior.\",\"breadcrumb\":{\"@id\":\"https:\/\/terapiascaminodeagua.com\/meditacion-taoista\/#breadcrumb\"},\"inLanguage\":\"ca\",\"potentialAction\":[{\"@type\":\"ReadAction\",\"target\":[\"https:\/\/terapiascaminodeagua.com\/meditacion-taoista\/\"]}]},{\"@type\":\"ImageObject\",\"inLanguage\":\"ca\",\"@id\":\"https:\/\/terapiascaminodeagua.com\/meditacion-taoista\/#primaryimage\",\"url\":\"https:\/\/terapiascaminodeagua.com\/wp-content\/uploads\/2025\/06\/meditacion-taoista.jpg\",\"contentUrl\":\"https:\/\/terapiascaminodeagua.com\/wp-content\/uploads\/2025\/06\/meditacion-taoista.jpg\",\"width\":1200,\"height\":750,\"caption\":\"meditaci\u00f3n tao\u00edsta\"},{\"@type\":\"BreadcrumbList\",\"@id\":\"https:\/\/terapiascaminodeagua.com\/meditacion-taoista\/#breadcrumb\",\"itemListElement\":[{\"@type\":\"ListItem\",\"position\":1,\"name\":\"Portada\",\"item\":\"https:\/\/terapiascaminodeagua.com\/\"},{\"@type\":\"ListItem\",\"position\":2,\"name\":\"Meditaci\u00f3n Tao\u00edsta\"}]},{\"@type\":\"WebSite\",\"@id\":\"https:\/\/terapiascaminodeagua.com\/#website\",\"url\":\"https:\/\/terapiascaminodeagua.com\/\",\"name\":\"Terapia camino de agua\",\"description\":\"Terapias naturales de acupuntura en Barcelona\",\"publisher\":{\"@id\":\"https:\/\/terapiascaminodeagua.com\/#organization\"},\"potentialAction\":[{\"@type\":\"SearchAction\",\"target\":{\"@type\":\"EntryPoint\",\"urlTemplate\":\"https:\/\/terapiascaminodeagua.com\/?s={search_term_string}\"},\"query-input\":{\"@type\":\"PropertyValueSpecification\",\"valueRequired\":true,\"valueName\":\"search_term_string\"}}],\"inLanguage\":\"ca\"},{\"@type\":\"Organization\",\"@id\":\"https:\/\/terapiascaminodeagua.com\/#organization\",\"name\":\"Terapia camino de agua\",\"url\":\"https:\/\/terapiascaminodeagua.com\/\",\"logo\":{\"@type\":\"ImageObject\",\"inLanguage\":\"ca\",\"@id\":\"https:\/\/terapiascaminodeagua.com\/#\/schema\/logo\/image\/\",\"url\":\"https:\/\/terapiascaminodeagua.com\/wp-content\/uploads\/2025\/04\/cropped-cropped-SHIUDAO-TERAPIAS-CAMINIO-DE-AGUA-512-x-512-px-1.png\",\"contentUrl\":\"https:\/\/terapiascaminodeagua.com\/wp-content\/uploads\/2025\/04\/cropped-cropped-SHIUDAO-TERAPIAS-CAMINIO-DE-AGUA-512-x-512-px-1.png\",\"width\":512,\"height\":512,\"caption\":\"Terapia camino de agua\"},\"image\":{\"@id\":\"https:\/\/terapiascaminodeagua.com\/#\/schema\/logo\/image\/\"}}]}<\/script>\n<!-- \/ Yoast SEO plugin. -->","yoast_head_json":{"title":"Meditaci\u00f3n Tao\u00edsta - Terapias Camino de Agua","description":"Meditaci\u00f3n tao\u00edsta en Barcelona. Una pr\u00e1ctica ancestral para calmar la mente, equilibrar la energ\u00eda y conectar con tu bienestar interior.","robots":{"index":"index","follow":"follow","max-snippet":"max-snippet:-1","max-image-preview":"max-image-preview:large","max-video-preview":"max-video-preview:-1"},"canonical":"https:\/\/terapiascaminodeagua.com\/ca\/meditacion-taoista\/","og_locale":"ca_ES","og_type":"article","og_title":"Meditaci\u00f3n Tao\u00edsta - Terapias Camino de Agua","og_description":"Meditaci\u00f3n tao\u00edsta en Barcelona. Una pr\u00e1ctica ancestral para calmar la mente, equilibrar la energ\u00eda y conectar con tu bienestar interior.","og_url":"https:\/\/terapiascaminodeagua.com\/ca\/meditacion-taoista\/","og_site_name":"Terapias Camino de Agua","article_modified_time":"2025-09-22T10:06:35+00:00","og_image":[{"width":1200,"height":750,"url":"https:\/\/terapiascaminodeagua.com\/wp-content\/uploads\/2025\/06\/meditacion-taoista.jpg","type":"image\/jpeg"}],"twitter_card":"summary_large_image","twitter_misc":{"Temps estimat de lectura":"4 minuts"},"schema":{"@context":"https:\/\/schema.org","@graph":[{"@type":"WebPage","@id":"https:\/\/terapiascaminodeagua.com\/meditacion-taoista\/","url":"https:\/\/terapiascaminodeagua.com\/meditacion-taoista\/","name":"Meditaci\u00f3n Tao\u00edsta - Terapias Camino de Agua","isPartOf":{"@id":"https:\/\/terapiascaminodeagua.com\/#website"},"primaryImageOfPage":{"@id":"https:\/\/terapiascaminodeagua.com\/meditacion-taoista\/#primaryimage"},"image":{"@id":"https:\/\/terapiascaminodeagua.com\/meditacion-taoista\/#primaryimage"},"thumbnailUrl":"https:\/\/terapiascaminodeagua.com\/wp-content\/uploads\/2025\/06\/meditacion-taoista.jpg","datePublished":"2025-06-04T13:51:02+00:00","dateModified":"2025-09-22T10:06:35+00:00","description":"Meditaci\u00f3n tao\u00edsta en Barcelona. Una pr\u00e1ctica ancestral para calmar la mente, equilibrar la energ\u00eda y conectar con tu bienestar interior.","breadcrumb":{"@id":"https:\/\/terapiascaminodeagua.com\/meditacion-taoista\/#breadcrumb"},"inLanguage":"ca","potentialAction":[{"@type":"ReadAction","target":["https:\/\/terapiascaminodeagua.com\/meditacion-taoista\/"]}]},{"@type":"ImageObject","inLanguage":"ca","@id":"https:\/\/terapiascaminodeagua.com\/meditacion-taoista\/#primaryimage","url":"https:\/\/terapiascaminodeagua.com\/wp-content\/uploads\/2025\/06\/meditacion-taoista.jpg","contentUrl":"https:\/\/terapiascaminodeagua.com\/wp-content\/uploads\/2025\/06\/meditacion-taoista.jpg","width":1200,"height":750,"caption":"meditaci\u00f3n tao\u00edsta"},{"@type":"BreadcrumbList","@id":"https:\/\/terapiascaminodeagua.com\/meditacion-taoista\/#breadcrumb","itemListElement":[{"@type":"ListItem","position":1,"name":"Portada","item":"https:\/\/terapiascaminodeagua.com\/"},{"@type":"ListItem","position":2,"name":"Meditaci\u00f3n Tao\u00edsta"}]},{"@type":"WebSite","@id":"https:\/\/terapiascaminodeagua.com\/#website","url":"https:\/\/terapiascaminodeagua.com\/","name":"Ter\u00e0pia cam\u00ed d&#039;aigua","description":"Ter\u00e0pies naturals d\u00b4acupuntura a Barcelona","publisher":{"@id":"https:\/\/terapiascaminodeagua.com\/#organization"},"potentialAction":[{"@type":"SearchAction","target":{"@type":"EntryPoint","urlTemplate":"https:\/\/terapiascaminodeagua.com\/?s={search_term_string}"},"query-input":{"@type":"PropertyValueSpecification","valueRequired":true,"valueName":"search_term_string"}}],"inLanguage":"ca"},{"@type":"Organization","@id":"https:\/\/terapiascaminodeagua.com\/#organization","name":"Ter\u00e0pia cam\u00ed d&#039;aigua","url":"https:\/\/terapiascaminodeagua.com\/","logo":{"@type":"ImageObject","inLanguage":"ca","@id":"https:\/\/terapiascaminodeagua.com\/#\/schema\/logo\/image\/","url":"https:\/\/terapiascaminodeagua.com\/wp-content\/uploads\/2025\/04\/cropped-cropped-SHIUDAO-TERAPIAS-CAMINIO-DE-AGUA-512-x-512-px-1.png","contentUrl":"https:\/\/terapiascaminodeagua.com\/wp-content\/uploads\/2025\/04\/cropped-cropped-SHIUDAO-TERAPIAS-CAMINIO-DE-AGUA-512-x-512-px-1.png","width":512,"height":512,"caption":"Terapia camino de agua"},"image":{"@id":"https:\/\/terapiascaminodeagua.com\/#\/schema\/logo\/image\/"}}]}},"_links":{"self":[{"href":"https:\/\/terapiascaminodeagua.com\/ca\/wp-json\/wp\/v2\/pages\/3087","targetHints":{"allow":["GET"]}}],"collection":[{"href":"https:\/\/terapiascaminodeagua.com\/ca\/wp-json\/wp\/v2\/pages"}],"about":[{"href":"https:\/\/terapiascaminodeagua.com\/ca\/wp-json\/wp\/v2\/types\/page"}],"author":[{"embeddable":true,"href":"https:\/\/terapiascaminodeagua.com\/ca\/wp-json\/wp\/v2\/users\/3"}],"replies":[{"embeddable":true,"href":"https:\/\/terapiascaminodeagua.com\/ca\/wp-json\/wp\/v2\/comments?post=3087"}],"version-history":[{"count":2,"href":"https:\/\/terapiascaminodeagua.com\/ca\/wp-json\/wp\/v2\/pages\/3087\/revisions"}],"predecessor-version":[{"id":4233,"href":"https:\/\/terapiascaminodeagua.com\/ca\/wp-json\/wp\/v2\/pages\/3087\/revisions\/4233"}],"wp:featuredmedia":[{"embeddable":true,"href":"https:\/\/terapiascaminodeagua.com\/ca\/wp-json\/wp\/v2\/media\/3089"}],"wp:attachment":[{"href":"https:\/\/terapiascaminodeagua.com\/ca\/wp-json\/wp\/v2\/media?parent=3087"}],"curies":[{"name":"wp","href":"https:\/\/api.w.org\/{rel}","templated":true}]}}