{"id":312,"date":"2025-04-02T15:55:25","date_gmt":"2025-04-02T15:55:25","guid":{"rendered":"https:\/\/terapiascaminodeagua.com\/?page_id=312"},"modified":"2025-09-22T13:27:43","modified_gmt":"2025-09-22T11:27:43","slug":"blog","status":"publish","type":"page","link":"https:\/\/terapiascaminodeagua.com\/ca\/blog\/","title":{"rendered":"Blog"},"content":{"rendered":"<div data-elementor-type=\"wp-page\" data-elementor-id=\"312\" class=\"elementor elementor-312\" data-elementor-post-type=\"page\">\n\t\t\t\t\t\t<section class=\"elementor-section elementor-top-section elementor-element elementor-element-77da70b elementor-section-height-min-height elementor-section-boxed elementor-section-height-default elementor-section-items-middle\" data-id=\"77da70b\" data-element_type=\"section\" data-e-type=\"section\" data-settings=\"{&quot;background_background&quot;:&quot;classic&quot;}\">\n\t\t\t\t\t\t\t<div class=\"elementor-background-overlay\"><\/div>\n\t\t\t\t\t\t\t<div class=\"elementor-container elementor-column-gap-no\">\n\t\t\t\t\t<div class=\"elementor-column elementor-col-100 elementor-top-column elementor-element elementor-element-919ccb6\" data-id=\"919ccb6\" data-element_type=\"column\" data-e-type=\"column\">\n\t\t\t<div class=\"elementor-widget-wrap elementor-element-populated\">\n\t\t\t\t\t\t<section class=\"elementor-section elementor-inner-section elementor-element elementor-element-dcd5e67 elementor-section-full_width elementor-section-height-default elementor-section-height-default\" data-id=\"dcd5e67\" data-element_type=\"section\" data-e-type=\"section\">\n\t\t\t\t\t\t<div class=\"elementor-container elementor-column-gap-default\">\n\t\t\t\t\t<div class=\"elementor-column elementor-col-100 elementor-inner-column elementor-element elementor-element-801a939\" data-id=\"801a939\" data-element_type=\"column\" data-e-type=\"column\">\n\t\t\t<div class=\"elementor-widget-wrap elementor-element-populated\">\n\t\t\t\t\t\t<div class=\"elementor-element elementor-element-efae956 animated-slow elementor-invisible elementor-widget elementor-widget-heading\" data-id=\"efae956\" data-element_type=\"widget\" data-e-type=\"widget\" data-settings=\"{&quot;_animation&quot;:&quot;fadeInDown&quot;}\" data-widget_type=\"heading.default\">\n\t\t\t\t<div class=\"elementor-widget-container\">\n\t\t\t\t\t<h1 class=\"elementor-heading-title elementor-size-default\">Blog<\/h1>\t\t\t\t<\/div>\n\t\t\t\t<\/div>\n\t\t\t\t\t<\/div>\n\t\t<\/div>\n\t\t\t\t\t<\/div>\n\t\t<\/section>\n\t\t\t\t\t<\/div>\n\t\t<\/div>\n\t\t\t\t\t<\/div>\n\t\t<\/section>\n\t\t<div class=\"elementor-element elementor-element-3c3eed29 e-flex e-con-boxed e-con e-parent\" data-id=\"3c3eed29\" data-element_type=\"container\" data-e-type=\"container\">\n\t\t\t\t\t<div class=\"e-con-inner\">\n\t\t\t\t<div class=\"elementor-element elementor-element-42fbecd0 elementor-grid-3 elementor-grid-tablet-2 elementor-grid-mobile-1 elementor-posts--thumbnail-top elementor-card-shadow-yes elementor-posts__hover-gradient elementor-widget elementor-widget-posts\" data-id=\"42fbecd0\" data-element_type=\"widget\" data-e-type=\"widget\" data-settings=\"{&quot;pagination_type&quot;:&quot;load_more_infinite_scroll&quot;,&quot;cards_columns&quot;:&quot;3&quot;,&quot;cards_columns_tablet&quot;:&quot;2&quot;,&quot;cards_columns_mobile&quot;:&quot;1&quot;,&quot;cards_row_gap&quot;:{&quot;unit&quot;:&quot;px&quot;,&quot;size&quot;:35,&quot;sizes&quot;:[]},&quot;cards_row_gap_laptop&quot;:{&quot;unit&quot;:&quot;px&quot;,&quot;size&quot;:&quot;&quot;,&quot;sizes&quot;:[]},&quot;cards_row_gap_tablet&quot;:{&quot;unit&quot;:&quot;px&quot;,&quot;size&quot;:&quot;&quot;,&quot;sizes&quot;:[]},&quot;cards_row_gap_mobile&quot;:{&quot;unit&quot;:&quot;px&quot;,&quot;size&quot;:&quot;&quot;,&quot;sizes&quot;:[]},&quot;load_more_spinner&quot;:{&quot;value&quot;:&quot;fas fa-spinner&quot;,&quot;library&quot;:&quot;fa-solid&quot;}}\" data-widget_type=\"posts.cards\">\n\t\t\t\t<div class=\"elementor-widget-container\">\n\t\t\t\t\t\t\t<div class=\"elementor-posts-container elementor-posts elementor-posts--skin-cards elementor-grid\" role=\"list\">\n\t\t\t\t<article class=\"elementor-post elementor-grid-item post-5043 post type-post status-publish format-standard has-post-thumbnail hentry category-flores-de-bach\" role=\"listitem\">\n\t\t\t<div class=\"elementor-post__card\">\n\t\t\t\t<a class=\"elementor-post__thumbnail__link\" href=\"https:\/\/terapiascaminodeagua.com\/ca\/encuentra-la-calma-interior-que-tanto-necesitas-con-nuestras-sesiones-de-flores-de-bach\/\" tabindex=\"-1\" ><div class=\"elementor-post__thumbnail\"><img fetchpriority=\"high\" decoding=\"async\" width=\"1200\" height=\"750\" src=\"https:\/\/terapiascaminodeagua.com\/wp-content\/uploads\/2026\/03\/Flores-de-Bach-5.jpg\" class=\"attachment-full size-full wp-image-5045\" alt=\"Flors de Bach\" srcset=\"https:\/\/terapiascaminodeagua.com\/wp-content\/uploads\/2026\/03\/Flores-de-Bach-5.jpg 1200w, https:\/\/terapiascaminodeagua.com\/wp-content\/uploads\/2026\/03\/Flores-de-Bach-5-300x188.jpg 300w, https:\/\/terapiascaminodeagua.com\/wp-content\/uploads\/2026\/03\/Flores-de-Bach-5-1024x640.jpg 1024w, https:\/\/terapiascaminodeagua.com\/wp-content\/uploads\/2026\/03\/Flores-de-Bach-5-768x480.jpg 768w, https:\/\/terapiascaminodeagua.com\/wp-content\/uploads\/2026\/03\/Flores-de-Bach-5-18x12.jpg 18w\" sizes=\"(max-width: 1200px) 100vw, 1200px\" \/><\/div><\/a>\n\t\t\t\t<div class=\"elementor-post__text\">\n\t\t\t\t<h2 class=\"elementor-post__title\">\n\t\t\t<a href=\"https:\/\/terapiascaminodeagua.com\/ca\/encuentra-la-calma-interior-que-tanto-necesitas-con-nuestras-sesiones-de-flores-de-bach\/\" >\n\t\t\t\tEncuentra la calma interior que tanto necesitas con nuestras sesiones de Flores de Bach\t\t\t<\/a>\n\t\t<\/h2>\n\t\t\t\t<div class=\"elementor-post__excerpt\">\n\t\t\t<p>Una ayuda natural para gestionar tus emociones Las Flores de Bach no suprimen emociones, sino que facilitan un proceso de regulaci\u00f3n interna que permite gestionarlas<\/p>\n\t\t<\/div>\n\t\t\n\t\t<a class=\"elementor-post__read-more\" href=\"https:\/\/terapiascaminodeagua.com\/ca\/encuentra-la-calma-interior-que-tanto-necesitas-con-nuestras-sesiones-de-flores-de-bach\/\" aria-label=\"Read more about Encuentra la calma interior que tanto necesitas con nuestras sesiones de Flores de Bach\" tabindex=\"-1\" >\n\t\t\tLlegir m\u00e9s \t\t<\/a>\n\n\t\t\t\t<\/div>\n\t\t\t\t<div class=\"elementor-post__meta-data\">\n\t\t\t\t\t<span class=\"elementor-post-date\">\n\t\t\t11\/03\/2026\t\t<\/span>\n\t\t\t\t<\/div>\n\t\t\t\t\t<\/div>\n\t\t<\/article>\n\t\t\t\t<article class=\"elementor-post elementor-grid-item post-5004 post type-post status-publish format-standard has-post-thumbnail hentry category-blog category-sanacion-energetica tag-sanacion-energetica\" role=\"listitem\">\n\t\t\t<div class=\"elementor-post__card\">\n\t\t\t\t<a class=\"elementor-post__thumbnail__link\" href=\"https:\/\/terapiascaminodeagua.com\/ca\/desbloquea-tu-vitalidad-y-transforma-tus-patrones-emocionales-con-la-sanacion-energetica\/\" tabindex=\"-1\" ><div class=\"elementor-post__thumbnail\"><img decoding=\"async\" width=\"1200\" height=\"750\" src=\"https:\/\/terapiascaminodeagua.com\/wp-content\/uploads\/2026\/02\/sanacion-energetica-3.jpg\" class=\"attachment-full size-full wp-image-5015\" alt=\"sanaci\u00f3 energ\u00e8tica\" srcset=\"https:\/\/terapiascaminodeagua.com\/wp-content\/uploads\/2026\/02\/sanacion-energetica-3.jpg 1200w, https:\/\/terapiascaminodeagua.com\/wp-content\/uploads\/2026\/02\/sanacion-energetica-3-300x188.jpg 300w, https:\/\/terapiascaminodeagua.com\/wp-content\/uploads\/2026\/02\/sanacion-energetica-3-1024x640.jpg 1024w, https:\/\/terapiascaminodeagua.com\/wp-content\/uploads\/2026\/02\/sanacion-energetica-3-768x480.jpg 768w, https:\/\/terapiascaminodeagua.com\/wp-content\/uploads\/2026\/02\/sanacion-energetica-3-18x12.jpg 18w\" sizes=\"(max-width: 1200px) 100vw, 1200px\" \/><\/div><\/a>\n\t\t\t\t<div class=\"elementor-post__text\">\n\t\t\t\t<h2 class=\"elementor-post__title\">\n\t\t\t<a href=\"https:\/\/terapiascaminodeagua.com\/ca\/desbloquea-tu-vitalidad-y-transforma-tus-patrones-emocionales-con-la-sanacion-energetica\/\" >\n\t\t\t\tDesbloquea tu vitalidad y transforma tus patrones emocionales con la sanaci\u00f3n energ\u00e9tica\u00a0\t\t\t<\/a>\n\t\t<\/h2>\n\t\t\t\t<div class=\"elementor-post__excerpt\">\n\t\t\t<p>\u00bfC\u00f3mo aliviar un desequilibrio profundo con terapias naturales? La\u00a0sanaci\u00f3n energ\u00e9tica\u00a0act\u00faa en niveles sutiles que muchas veces condicionan nuestro bienestar f\u00edsico, emocional y mental. No se<\/p>\n\t\t<\/div>\n\t\t\n\t\t<a class=\"elementor-post__read-more\" href=\"https:\/\/terapiascaminodeagua.com\/ca\/desbloquea-tu-vitalidad-y-transforma-tus-patrones-emocionales-con-la-sanacion-energetica\/\" aria-label=\"Read more about Desbloquea tu vitalidad y transforma tus patrones emocionales con la sanaci\u00f3n energ\u00e9tica\u00a0\" tabindex=\"-1\" >\n\t\t\tLlegir m\u00e9s \t\t<\/a>\n\n\t\t\t\t<\/div>\n\t\t\t\t<div class=\"elementor-post__meta-data\">\n\t\t\t\t\t<span class=\"elementor-post-date\">\n\t\t\t27\/02\/2026\t\t<\/span>\n\t\t\t\t<\/div>\n\t\t\t\t\t<\/div>\n\t\t<\/article>\n\t\t\t\t<article class=\"elementor-post elementor-grid-item post-5018 post type-post status-publish format-standard has-post-thumbnail hentry category-blog\" role=\"listitem\">\n\t\t\t<div class=\"elementor-post__card\">\n\t\t\t\t<a class=\"elementor-post__thumbnail__link\" href=\"https:\/\/terapiascaminodeagua.com\/ca\/fortalece-tu-energia-vital-y-mejora-tu-bienestar-fisico-y-emocional-a-traves-de-la-acupuntura\/\" tabindex=\"-1\" ><div class=\"elementor-post__thumbnail\"><img decoding=\"async\" width=\"1200\" height=\"750\" src=\"https:\/\/terapiascaminodeagua.com\/wp-content\/uploads\/2026\/02\/sanacion-energetica-6.jpg\" class=\"attachment-full size-full wp-image-5019\" alt=\"acupuntura\" srcset=\"https:\/\/terapiascaminodeagua.com\/wp-content\/uploads\/2026\/02\/sanacion-energetica-6.jpg 1200w, https:\/\/terapiascaminodeagua.com\/wp-content\/uploads\/2026\/02\/sanacion-energetica-6-300x188.jpg 300w, https:\/\/terapiascaminodeagua.com\/wp-content\/uploads\/2026\/02\/sanacion-energetica-6-1024x640.jpg 1024w, https:\/\/terapiascaminodeagua.com\/wp-content\/uploads\/2026\/02\/sanacion-energetica-6-768x480.jpg 768w, https:\/\/terapiascaminodeagua.com\/wp-content\/uploads\/2026\/02\/sanacion-energetica-6-18x12.jpg 18w\" sizes=\"(max-width: 1200px) 100vw, 1200px\" \/><\/div><\/a>\n\t\t\t\t<div class=\"elementor-post__text\">\n\t\t\t\t<h2 class=\"elementor-post__title\">\n\t\t\t<a href=\"https:\/\/terapiascaminodeagua.com\/ca\/fortalece-tu-energia-vital-y-mejora-tu-bienestar-fisico-y-emocional-a-traves-de-la-acupuntura\/\" >\n\t\t\t\tFortalece tu energ\u00eda vital y mejora tu bienestar f\u00edsico y emocional a trav\u00e9s de la acupuntura\u00a0\t\t\t<\/a>\n\t\t<\/h2>\n\t\t\t\t<div class=\"elementor-post__excerpt\">\n\t\t\t<p>\u00bfC\u00f3mo aliviar un desequilibrio profundo con terapias naturales? La\u00a0acupuntura\u00a0es una de las herramientas principales de la Medicina Tradicional China y cuenta con miles de a\u00f1os<\/p>\n\t\t<\/div>\n\t\t\n\t\t<a class=\"elementor-post__read-more\" href=\"https:\/\/terapiascaminodeagua.com\/ca\/fortalece-tu-energia-vital-y-mejora-tu-bienestar-fisico-y-emocional-a-traves-de-la-acupuntura\/\" aria-label=\"Read more about Fortalece tu energ\u00eda vital y mejora tu bienestar f\u00edsico y emocional a trav\u00e9s de la acupuntura\u00a0\" tabindex=\"-1\" >\n\t\t\tLlegir m\u00e9s \t\t<\/a>\n\n\t\t\t\t<\/div>\n\t\t\t\t<div class=\"elementor-post__meta-data\">\n\t\t\t\t\t<span class=\"elementor-post-date\">\n\t\t\t24\/02\/2026\t\t<\/span>\n\t\t\t\t<\/div>\n\t\t\t\t\t<\/div>\n\t\t<\/article>\n\t\t\t\t<article class=\"elementor-post elementor-grid-item post-4898 post type-post status-publish format-standard has-post-thumbnail hentry category-blog category-terapias-holisticas-barcelona tag-terapias-holisticas-barcelona\" role=\"listitem\">\n\t\t\t<div class=\"elementor-post__card\">\n\t\t\t\t<a class=\"elementor-post__thumbnail__link\" href=\"https:\/\/terapiascaminodeagua.com\/ca\/renueva-tu-bienestar-este-2026-en-terapias-camino-de-agua-con-tratamientos-holisticos\/\" tabindex=\"-1\" ><div class=\"elementor-post__thumbnail\"><img loading=\"lazy\" decoding=\"async\" width=\"1200\" height=\"750\" src=\"https:\/\/terapiascaminodeagua.com\/wp-content\/uploads\/2026\/01\/terapias-holisticas-en-Barcelona-1.jpg\" class=\"attachment-full size-full wp-image-4906\" alt=\"ter\u00e0pies hol\u00edstiques\" srcset=\"https:\/\/terapiascaminodeagua.com\/wp-content\/uploads\/2026\/01\/terapias-holisticas-en-Barcelona-1.jpg 1200w, https:\/\/terapiascaminodeagua.com\/wp-content\/uploads\/2026\/01\/terapias-holisticas-en-Barcelona-1-300x188.jpg 300w, https:\/\/terapiascaminodeagua.com\/wp-content\/uploads\/2026\/01\/terapias-holisticas-en-Barcelona-1-1024x640.jpg 1024w, https:\/\/terapiascaminodeagua.com\/wp-content\/uploads\/2026\/01\/terapias-holisticas-en-Barcelona-1-768x480.jpg 768w, https:\/\/terapiascaminodeagua.com\/wp-content\/uploads\/2026\/01\/terapias-holisticas-en-Barcelona-1-18x12.jpg 18w\" sizes=\"(max-width: 1200px) 100vw, 1200px\" \/><\/div><\/a>\n\t\t\t\t<div class=\"elementor-post__text\">\n\t\t\t\t<h2 class=\"elementor-post__title\">\n\t\t\t<a href=\"https:\/\/terapiascaminodeagua.com\/ca\/renueva-tu-bienestar-este-2026-en-terapias-camino-de-agua-con-tratamientos-holisticos\/\" >\n\t\t\t\tRenova el teu benestar aquest 2026 a Ter\u00e0pies Cam\u00ed d&#039;Aigua amb tractaments hol\u00edstics\t\t\t<\/a>\n\t\t<\/h2>\n\t\t\t\t<div class=\"elementor-post__excerpt\">\n\t\t\t<p>Viu una transformaci\u00f3 positiva i aconsegueix millorar la teva qualitat de vida Sabies que integrar cos, ment i energia pot desencadenar canvis duradors? En aquest article<\/p>\n\t\t<\/div>\n\t\t\n\t\t<a class=\"elementor-post__read-more\" href=\"https:\/\/terapiascaminodeagua.com\/ca\/renueva-tu-bienestar-este-2026-en-terapias-camino-de-agua-con-tratamientos-holisticos\/\" aria-label=\"Read more about Renueva tu bienestar este 2026 en Terapias Camino de Agua con tratamientos hol\u00edsticos\" tabindex=\"-1\" >\n\t\t\tLlegir m\u00e9s \t\t<\/a>\n\n\t\t\t\t<\/div>\n\t\t\t\t<div class=\"elementor-post__meta-data\">\n\t\t\t\t\t<span class=\"elementor-post-date\">\n\t\t\t09\/01\/2026\t\t<\/span>\n\t\t\t\t<\/div>\n\t\t\t\t\t<\/div>\n\t\t<\/article>\n\t\t\t\t<article class=\"elementor-post elementor-grid-item post-4924 post type-post status-publish format-standard has-post-thumbnail hentry category-blog category-flores-de-bach tag-flores-de-bach\" role=\"listitem\">\n\t\t\t<div class=\"elementor-post__card\">\n\t\t\t\t<a class=\"elementor-post__thumbnail__link\" href=\"https:\/\/terapiascaminodeagua.com\/ca\/se-puede-aliviar-la-ansiedad-con-terapias-naturales\/\" tabindex=\"-1\" ><div class=\"elementor-post__thumbnail\"><img loading=\"lazy\" decoding=\"async\" width=\"1200\" height=\"750\" src=\"https:\/\/terapiascaminodeagua.com\/wp-content\/uploads\/2026\/01\/alivio-ansiedad-Barcelona-4.jpg\" class=\"attachment-full size-full wp-image-4935\" alt=\"alivio ansiedad\" srcset=\"https:\/\/terapiascaminodeagua.com\/wp-content\/uploads\/2026\/01\/alivio-ansiedad-Barcelona-4.jpg 1200w, https:\/\/terapiascaminodeagua.com\/wp-content\/uploads\/2026\/01\/alivio-ansiedad-Barcelona-4-300x188.jpg 300w, https:\/\/terapiascaminodeagua.com\/wp-content\/uploads\/2026\/01\/alivio-ansiedad-Barcelona-4-1024x640.jpg 1024w, https:\/\/terapiascaminodeagua.com\/wp-content\/uploads\/2026\/01\/alivio-ansiedad-Barcelona-4-768x480.jpg 768w, https:\/\/terapiascaminodeagua.com\/wp-content\/uploads\/2026\/01\/alivio-ansiedad-Barcelona-4-18x12.jpg 18w\" sizes=\"(max-width: 1200px) 100vw, 1200px\" \/><\/div><\/a>\n\t\t\t\t<div class=\"elementor-post__text\">\n\t\t\t\t<h2 class=\"elementor-post__title\">\n\t\t\t<a href=\"https:\/\/terapiascaminodeagua.com\/ca\/se-puede-aliviar-la-ansiedad-con-terapias-naturales\/\" >\n\t\t\t\tEs pot alleujar l&#039;ansietat amb ter\u00e0pies naturals?\t\t\t<\/a>\n\t\t<\/h2>\n\t\t\t\t<div class=\"elementor-post__excerpt\">\n\t\t\t<p>Descobreix com les ter\u00e0pies integratives poden acabar amb les pors i bloquejos L&#039;arribada del nou any convida a reflexionar sobre la calma, el prop\u00f2sit<\/p>\n\t\t<\/div>\n\t\t\n\t\t<a class=\"elementor-post__read-more\" href=\"https:\/\/terapiascaminodeagua.com\/ca\/se-puede-aliviar-la-ansiedad-con-terapias-naturales\/\" aria-label=\"Read more about \u00bfSe puede aliviar la ansiedad con terapias naturales?\" tabindex=\"-1\" >\n\t\t\tLlegir m\u00e9s \t\t<\/a>\n\n\t\t\t\t<\/div>\n\t\t\t\t<div class=\"elementor-post__meta-data\">\n\t\t\t\t\t<span class=\"elementor-post-date\">\n\t\t\t02\/01\/2026\t\t<\/span>\n\t\t\t\t<\/div>\n\t\t\t\t\t<\/div>\n\t\t<\/article>\n\t\t\t\t<article class=\"elementor-post elementor-grid-item post-4742 post type-post status-publish format-standard has-post-thumbnail hentry category-blog category-flores-de-bach tag-autocuidado tag-banos-de-pies tag-bienestar-en-casa tag-circulacion-energetica tag-flores-bach tag-plantas-aromaticas tag-qi-y-sangre tag-relajacion-y-energia tag-salud-natural tag-salud-preventiva\" role=\"listitem\">\n\t\t\t<div class=\"elementor-post__card\">\n\t\t\t\t<a class=\"elementor-post__thumbnail__link\" href=\"https:\/\/terapiascaminodeagua.com\/ca\/banos-pies-plantas\/\" tabindex=\"-1\" ><div class=\"elementor-post__thumbnail\"><img loading=\"lazy\" decoding=\"async\" width=\"1200\" height=\"675\" src=\"https:\/\/terapiascaminodeagua.com\/wp-content\/uploads\/2025\/12\/Pies-2.jpg\" class=\"attachment-full size-full wp-image-4703\" alt=\"\" srcset=\"https:\/\/terapiascaminodeagua.com\/wp-content\/uploads\/2025\/12\/Pies-2.jpg 1200w, https:\/\/terapiascaminodeagua.com\/wp-content\/uploads\/2025\/12\/Pies-2-300x169.jpg 300w, https:\/\/terapiascaminodeagua.com\/wp-content\/uploads\/2025\/12\/Pies-2-1024x576.jpg 1024w, https:\/\/terapiascaminodeagua.com\/wp-content\/uploads\/2025\/12\/Pies-2-768x432.jpg 768w, https:\/\/terapiascaminodeagua.com\/wp-content\/uploads\/2025\/12\/Pies-2-18x10.jpg 18w\" sizes=\"(max-width: 1200px) 100vw, 1200px\" \/><\/div><\/a>\n\t\t\t\t<div class=\"elementor-post__text\">\n\t\t\t\t<h2 class=\"elementor-post__title\">\n\t\t\t<a href=\"https:\/\/terapiascaminodeagua.com\/ca\/banos-pies-plantas\/\" >\n\t\t\t\tBanys de peus amb plantes\t\t\t<\/a>\n\t\t<\/h2>\n\t\t\t\t<div class=\"elementor-post__excerpt\">\n\t\t\t<p>Banys de peus amb plantes: activa la teva energia i benestar a casa Els banys de peus amb plantes s\u00f3n una pr\u00e0ctica senzilla i efectiva per a<\/p>\n\t\t<\/div>\n\t\t\n\t\t<a class=\"elementor-post__read-more\" href=\"https:\/\/terapiascaminodeagua.com\/ca\/banos-pies-plantas\/\" aria-label=\"Read more about Ba\u00f1os de pies con plantas\" tabindex=\"-1\" >\n\t\t\tLlegir m\u00e9s \t\t<\/a>\n\n\t\t\t\t<\/div>\n\t\t\t\t<div class=\"elementor-post__meta-data\">\n\t\t\t\t\t<span class=\"elementor-post-date\">\n\t\t\t26\/12\/2025\t\t<\/span>\n\t\t\t\t<\/div>\n\t\t\t\t\t<\/div>\n\t\t<\/article>\n\t\t\t\t<\/div>\n\t\t\t\t\t<span class=\"e-load-more-spinner\">\n\t\t\t\t<svg aria-hidden=\"true\" class=\"e-font-icon-svg e-fas-spinner\" viewbox=\"0 0 512 512\" xmlns=\"http:\/\/www.w3.org\/2000\/svg\"><path d=\"M304 48c0 26.51-21.49 48-48 48s-48-21.49-48-48 21.49-48 48-48 48 21.49 48 48zm-48 368c-26.51 0-48 21.49-48 48s21.49 48 48 48 48-21.49 48-48-21.49-48-48-48zm208-208c-26.51 0-48 21.49-48 48s21.49 48 48 48 48-21.49 48-48-21.49-48-48-48zM96 256c0-26.51-21.49-48-48-48S0 229.49 0 256s21.49 48 48 48 48-21.49 48-48zm12.922 99.078c-26.51 0-48 21.49-48 48s21.49 48 48 48 48-21.49 48-48c0-26.509-21.491-48-48-48zm294.156 0c-26.51 0-48 21.49-48 48s21.49 48 48 48 48-21.49 48-48c0-26.509-21.49-48-48-48zM108.922 60.922c-26.51 0-48 21.49-48 48s21.49 48 48 48 48-21.49 48-48-21.491-48-48-48z\"><\/path><\/svg>\t\t\t<\/span>\n\t\t\n\t\t\t\t<div class=\"e-load-more-anchor\" data-page=\"1\" data-max-page=\"5\" data-next-page=\"https:\/\/terapiascaminodeagua.com\/wp-json\/wp\/v2\/pages\/312\/page\/2\/\"><\/div>\n\t\t\t\t<div class=\"e-load-more-message\"><\/div>\n\t\t\t\t\t\t<\/div>\n\t\t\t\t<\/div>\n\t\t\t\t\t<\/div>\n\t\t\t\t<\/div>\n\t\t\t\t<\/div>","protected":false},"excerpt":{"rendered":"<p>Blog<\/p>","protected":false},"author":2,"featured_media":0,"parent":0,"menu_order":0,"comment_status":"closed","ping_status":"closed","template":"elementor_theme","meta":{"footnotes":""},"class_list":["post-312","page","type-page","status-publish","hentry"],"yoast_head":"<!-- This site is optimized with the Yoast SEO plugin v27.0 - https:\/\/yoast.com\/product\/yoast-seo-wordpress\/ -->\n<title>Blog - Terapias Camino de Agua<\/title>\n<meta name=\"robots\" content=\"index, follow, max-snippet:-1, max-image-preview:large, max-video-preview:-1\" \/>\n<link rel=\"canonical\" href=\"https:\/\/terapiascaminodeagua.com\/ca\/blog\/\" \/>\n<meta property=\"og:locale\" content=\"ca_ES\" \/>\n<meta property=\"og:type\" content=\"article\" \/>\n<meta property=\"og:title\" content=\"Blog - Terapias Camino de Agua\" \/>\n<meta property=\"og:description\" content=\"Blog\" \/>\n<meta property=\"og:url\" content=\"https:\/\/terapiascaminodeagua.com\/ca\/blog\/\" \/>\n<meta property=\"og:site_name\" content=\"Terapias Camino de Agua\" \/>\n<meta property=\"article:modified_time\" content=\"2025-09-22T11:27:43+00:00\" \/>\n<meta name=\"twitter:card\" content=\"summary_large_image\" \/>\n<meta name=\"twitter:label1\" content=\"Temps estimat de lectura\" \/>\n\t<meta name=\"twitter:data1\" content=\"5 minuts\" \/>\n<script type=\"application\/ld+json\" class=\"yoast-schema-graph\">{\"@context\":\"https:\/\/schema.org\",\"@graph\":[{\"@type\":\"WebPage\",\"@id\":\"https:\/\/terapiascaminodeagua.com\/blog\/\",\"url\":\"https:\/\/terapiascaminodeagua.com\/blog\/\",\"name\":\"Blog - Terapias Camino de Agua\",\"isPartOf\":{\"@id\":\"https:\/\/terapiascaminodeagua.com\/#website\"},\"datePublished\":\"2025-04-02T15:55:25+00:00\",\"dateModified\":\"2025-09-22T11:27:43+00:00\",\"breadcrumb\":{\"@id\":\"https:\/\/terapiascaminodeagua.com\/blog\/#breadcrumb\"},\"inLanguage\":\"ca\",\"potentialAction\":[{\"@type\":\"ReadAction\",\"target\":[\"https:\/\/terapiascaminodeagua.com\/blog\/\"]}]},{\"@type\":\"BreadcrumbList\",\"@id\":\"https:\/\/terapiascaminodeagua.com\/blog\/#breadcrumb\",\"itemListElement\":[{\"@type\":\"ListItem\",\"position\":1,\"name\":\"Portada\",\"item\":\"https:\/\/terapiascaminodeagua.com\/\"},{\"@type\":\"ListItem\",\"position\":2,\"name\":\"Blog\"}]},{\"@type\":\"WebSite\",\"@id\":\"https:\/\/terapiascaminodeagua.com\/#website\",\"url\":\"https:\/\/terapiascaminodeagua.com\/\",\"name\":\"Terapia camino de agua\",\"description\":\"Terapias naturales de acupuntura en Barcelona\",\"publisher\":{\"@id\":\"https:\/\/terapiascaminodeagua.com\/#organization\"},\"potentialAction\":[{\"@type\":\"SearchAction\",\"target\":{\"@type\":\"EntryPoint\",\"urlTemplate\":\"https:\/\/terapiascaminodeagua.com\/?s={search_term_string}\"},\"query-input\":{\"@type\":\"PropertyValueSpecification\",\"valueRequired\":true,\"valueName\":\"search_term_string\"}}],\"inLanguage\":\"ca\"},{\"@type\":\"Organization\",\"@id\":\"https:\/\/terapiascaminodeagua.com\/#organization\",\"name\":\"Terapia camino de agua\",\"url\":\"https:\/\/terapiascaminodeagua.com\/\",\"logo\":{\"@type\":\"ImageObject\",\"inLanguage\":\"ca\",\"@id\":\"https:\/\/terapiascaminodeagua.com\/#\/schema\/logo\/image\/\",\"url\":\"https:\/\/terapiascaminodeagua.com\/wp-content\/uploads\/2025\/04\/cropped-cropped-SHIUDAO-TERAPIAS-CAMINIO-DE-AGUA-512-x-512-px-1.png\",\"contentUrl\":\"https:\/\/terapiascaminodeagua.com\/wp-content\/uploads\/2025\/04\/cropped-cropped-SHIUDAO-TERAPIAS-CAMINIO-DE-AGUA-512-x-512-px-1.png\",\"width\":512,\"height\":512,\"caption\":\"Terapia camino de agua\"},\"image\":{\"@id\":\"https:\/\/terapiascaminodeagua.com\/#\/schema\/logo\/image\/\"}}]}<\/script>\n<!-- \/ Yoast SEO plugin. -->","yoast_head_json":{"title":"Blog - Terapias Camino de Agua","robots":{"index":"index","follow":"follow","max-snippet":"max-snippet:-1","max-image-preview":"max-image-preview:large","max-video-preview":"max-video-preview:-1"},"canonical":"https:\/\/terapiascaminodeagua.com\/ca\/blog\/","og_locale":"ca_ES","og_type":"article","og_title":"Blog - Terapias Camino de Agua","og_description":"Blog","og_url":"https:\/\/terapiascaminodeagua.com\/ca\/blog\/","og_site_name":"Terapias Camino de Agua","article_modified_time":"2025-09-22T11:27:43+00:00","twitter_card":"summary_large_image","twitter_misc":{"Temps estimat de lectura":"5 minuts"},"schema":{"@context":"https:\/\/schema.org","@graph":[{"@type":"WebPage","@id":"https:\/\/terapiascaminodeagua.com\/blog\/","url":"https:\/\/terapiascaminodeagua.com\/blog\/","name":"Blog - Terapias Camino de Agua","isPartOf":{"@id":"https:\/\/terapiascaminodeagua.com\/#website"},"datePublished":"2025-04-02T15:55:25+00:00","dateModified":"2025-09-22T11:27:43+00:00","breadcrumb":{"@id":"https:\/\/terapiascaminodeagua.com\/blog\/#breadcrumb"},"inLanguage":"ca","potentialAction":[{"@type":"ReadAction","target":["https:\/\/terapiascaminodeagua.com\/blog\/"]}]},{"@type":"BreadcrumbList","@id":"https:\/\/terapiascaminodeagua.com\/blog\/#breadcrumb","itemListElement":[{"@type":"ListItem","position":1,"name":"Portada","item":"https:\/\/terapiascaminodeagua.com\/"},{"@type":"ListItem","position":2,"name":"Blog"}]},{"@type":"WebSite","@id":"https:\/\/terapiascaminodeagua.com\/#website","url":"https:\/\/terapiascaminodeagua.com\/","name":"Ter\u00e0pia cam\u00ed d&#039;aigua","description":"Ter\u00e0pies naturals d\u00b4acupuntura a Barcelona","publisher":{"@id":"https:\/\/terapiascaminodeagua.com\/#organization"},"potentialAction":[{"@type":"SearchAction","target":{"@type":"EntryPoint","urlTemplate":"https:\/\/terapiascaminodeagua.com\/?s={search_term_string}"},"query-input":{"@type":"PropertyValueSpecification","valueRequired":true,"valueName":"search_term_string"}}],"inLanguage":"ca"},{"@type":"Organization","@id":"https:\/\/terapiascaminodeagua.com\/#organization","name":"Ter\u00e0pia cam\u00ed d&#039;aigua","url":"https:\/\/terapiascaminodeagua.com\/","logo":{"@type":"ImageObject","inLanguage":"ca","@id":"https:\/\/terapiascaminodeagua.com\/#\/schema\/logo\/image\/","url":"https:\/\/terapiascaminodeagua.com\/wp-content\/uploads\/2025\/04\/cropped-cropped-SHIUDAO-TERAPIAS-CAMINIO-DE-AGUA-512-x-512-px-1.png","contentUrl":"https:\/\/terapiascaminodeagua.com\/wp-content\/uploads\/2025\/04\/cropped-cropped-SHIUDAO-TERAPIAS-CAMINIO-DE-AGUA-512-x-512-px-1.png","width":512,"height":512,"caption":"Terapia camino de agua"},"image":{"@id":"https:\/\/terapiascaminodeagua.com\/#\/schema\/logo\/image\/"}}]}},"_links":{"self":[{"href":"https:\/\/terapiascaminodeagua.com\/ca\/wp-json\/wp\/v2\/pages\/312","targetHints":{"allow":["GET"]}}],"collection":[{"href":"https:\/\/terapiascaminodeagua.com\/ca\/wp-json\/wp\/v2\/pages"}],"about":[{"href":"https:\/\/terapiascaminodeagua.com\/ca\/wp-json\/wp\/v2\/types\/page"}],"author":[{"embeddable":true,"href":"https:\/\/terapiascaminodeagua.com\/ca\/wp-json\/wp\/v2\/users\/2"}],"replies":[{"embeddable":true,"href":"https:\/\/terapiascaminodeagua.com\/ca\/wp-json\/wp\/v2\/comments?post=312"}],"version-history":[{"count":64,"href":"https:\/\/terapiascaminodeagua.com\/ca\/wp-json\/wp\/v2\/pages\/312\/revisions"}],"predecessor-version":[{"id":4317,"href":"https:\/\/terapiascaminodeagua.com\/ca\/wp-json\/wp\/v2\/pages\/312\/revisions\/4317"}],"wp:attachment":[{"href":"https:\/\/terapiascaminodeagua.com\/ca\/wp-json\/wp\/v2\/media?parent=312"}],"curies":[{"name":"wp","href":"https:\/\/api.w.org\/{rel}","templated":true}]}}